{"id":42530,"date":"2025-07-08T11:38:16","date_gmt":"2025-07-08T11:38:16","guid":{"rendered":"https:\/\/vertexgroup.com.tr\/?page_id=42530"},"modified":"2025-07-08T15:51:44","modified_gmt":"2025-07-08T15:51:44","slug":"kvkk-bildirimi","status":"publish","type":"page","link":"https:\/\/vertexgroup.com.tr\/fr\/kvkk-bildirimi\/","title":{"rendered":"KVKK Notification"},"content":{"rendered":"<div data-elementor-type=\"wp-page\" data-elementor-id=\"42530\" class=\"elementor elementor-42530\">\n\t\t\t\t\t\t<section class=\"elementor-section elementor-top-section elementor-element elementor-element-316a09a1 elementor-section-boxed elementor-section-height-default elementor-section-height-default sc_fly_static\" data-id=\"316a09a1\" data-element_type=\"section\">\n\t\t\t\t\t\t<div class=\"elementor-container elementor-column-gap-extended\">\n\t\t\t\t\t<div class=\"elementor-column elementor-col-100 elementor-top-column elementor-element elementor-element-5d7413cc sc_content_align_inherit sc_layouts_column_icons_position_left sc_fly_static\" data-id=\"5d7413cc\" data-element_type=\"column\">\n\t\t\t<div class=\"elementor-widget-wrap elementor-element-populated\">\n\t\t\t\t\t\t<div class=\"elementor-element elementor-element-4899c1b5 sc_fly_static elementor-widget elementor-widget-text-editor\" data-id=\"4899c1b5\" data-element_type=\"widget\" data-widget_type=\"text-editor.default\">\n\t\t\t\t<div class=\"elementor-widget-container\">\n\t\t\t\t\t\t\t\t\t<p>En tant que vertexgroup.com.tr, nous prenons les mesures n\u00e9cessaires en tant que responsable du traitement des donn\u00e9es dans le stockage, le traitement et le transfert de vos donn\u00e9es personnelles conform\u00e9ment au principe de protection de la vie priv\u00e9e et des droits et libert\u00e9s fondamentaux des individus.<\/p><p>Nous avons r\u00e9dig\u00e9 notre Texte d'information sur le traitement des donn\u00e9es personnelles (\u00ab Texte d'information \u00bb) afin d'informer les personnes concern\u00e9es sur le traitement, le stockage et le transfert de vos donn\u00e9es personnelles dans le cadre de la loi sur la protection des donn\u00e9es personnelles (KVKK) et d'autres r\u00e9glementations l\u00e9gales. Sur cette page, vous trouverez toutes les informations concernant notre r\u00f4le de responsable du traitement, les finalit\u00e9s du traitement des donn\u00e9es personnelles, les destinataires et les finalit\u00e9s de leur transfert, la m\u00e9thode et le fondement juridique de la collecte des donn\u00e9es personnelles, ainsi que vos droits en vertu de la KVKK.<\/p><p>Nous pouvons apporter des modifications au texte d'information si n\u00e9cessaire. Toute modification entrera en vigueur d\u00e8s sa publication.<\/p>\t\t\t\t\t\t\t\t<\/div>\n\t\t\t\t<\/div>\n\t\t\t\t\t<\/div>\n\t\t<\/div>\n\t\t\t\t\t<\/div>\n\t\t<\/section>\n\t\t\t\t<\/div>","protected":false},"excerpt":{"rendered":"<p>Ki\u015fisel verilerinizi \u00f6zel hayat\u0131n gizlili\u011fi ve ki\u015filerin temel hak ve \u00f6zg\u00fcrl\u00fcklerinin korunmas\u0131 ilkesine uygun olarak muhafazas\u0131, i\u015flenmesi ve mevzuata uygun olarak aktar\u0131m\u0131 a\u015famalar\u0131nda vertexgroup.com.tr olarak Veri Sorumlusu s\u0131fat\u0131 ile gerekli&hellip;<\/p>","protected":false},"author":1,"featured_media":0,"parent":0,"menu_order":0,"comment_status":"closed","ping_status":"closed","template":"","meta":{"footnotes":""},"class_list":["post-42530","page","type-page","status-publish","hentry"],"yoast_head":"<!-- This site is optimized with the Yoast SEO plugin v25.4 - https:\/\/yoast.com\/wordpress\/plugins\/seo\/ -->\n<title>KVKK Bildirimi - Vertex Group<\/title>\n<meta name=\"robots\" content=\"index, follow, max-snippet:-1, max-image-preview:large, max-video-preview:-1\" \/>\n<link rel=\"canonical\" href=\"https:\/\/vertexgroup.com.tr\/fr\/kvkk-bildirimi\/\" \/>\n<meta property=\"og:locale\" content=\"fr_FR\" \/>\n<meta property=\"og:type\" content=\"article\" \/>\n<meta property=\"og:title\" content=\"KVKK Bildirimi - Vertex Group\" \/>\n<meta property=\"og:description\" content=\"Ki\u015fisel verilerinizi \u00f6zel hayat\u0131n gizlili\u011fi ve ki\u015filerin temel hak ve \u00f6zg\u00fcrl\u00fcklerinin korunmas\u0131 ilkesine uygun olarak muhafazas\u0131, i\u015flenmesi ve mevzuata uygun olarak aktar\u0131m\u0131 a\u015famalar\u0131nda vertexgroup.com.tr olarak Veri Sorumlusu s\u0131fat\u0131 ile gerekli&hellip;\" \/>\n<meta property=\"og:url\" content=\"https:\/\/vertexgroup.com.tr\/fr\/kvkk-bildirimi\/\" \/>\n<meta property=\"og:site_name\" content=\"Vertex Group\" \/>\n<meta property=\"article:modified_time\" content=\"2025-07-08T15:51:44+00:00\" \/>\n<meta name=\"twitter:card\" content=\"summary_large_image\" \/>\n<meta name=\"twitter:label1\" content=\"Dur\u00e9e de lecture estim\u00e9e\" \/>\n\t<meta name=\"twitter:data1\" content=\"1 minute\" \/>\n<script type=\"application\/ld+json\" class=\"yoast-schema-graph\">{\"@context\":\"https:\/\/schema.org\",\"@graph\":[{\"@type\":\"WebPage\",\"@id\":\"https:\/\/vertexgroup.com.tr\/kvkk-bildirimi\/\",\"url\":\"https:\/\/vertexgroup.com.tr\/kvkk-bildirimi\/\",\"name\":\"KVKK Bildirimi - Vertex Group\",\"isPartOf\":{\"@id\":\"https:\/\/vertexgroup.com.tr\/#website\"},\"datePublished\":\"2025-07-08T11:38:16+00:00\",\"dateModified\":\"2025-07-08T15:51:44+00:00\",\"breadcrumb\":{\"@id\":\"https:\/\/vertexgroup.com.tr\/kvkk-bildirimi\/#breadcrumb\"},\"inLanguage\":\"fr-FR\",\"potentialAction\":[{\"@type\":\"ReadAction\",\"target\":[\"https:\/\/vertexgroup.com.tr\/kvkk-bildirimi\/\"]}]},{\"@type\":\"BreadcrumbList\",\"@id\":\"https:\/\/vertexgroup.com.tr\/kvkk-bildirimi\/#breadcrumb\",\"itemListElement\":[{\"@type\":\"ListItem\",\"position\":1,\"name\":\"Anasayfa\",\"item\":\"https:\/\/vertexgroup.com.tr\/\"},{\"@type\":\"ListItem\",\"position\":2,\"name\":\"KVKK Bildirimi\"}]},{\"@type\":\"WebSite\",\"@id\":\"https:\/\/vertexgroup.com.tr\/#website\",\"url\":\"https:\/\/vertexgroup.com.tr\/\",\"name\":\"Vertex Group\",\"description\":\"Sporun Gelece\u011fini \u0130n\u015fa Ediyoruz\",\"publisher\":{\"@id\":\"https:\/\/vertexgroup.com.tr\/#organization\"},\"potentialAction\":[{\"@type\":\"SearchAction\",\"target\":{\"@type\":\"EntryPoint\",\"urlTemplate\":\"https:\/\/vertexgroup.com.tr\/?s={search_term_string}\"},\"query-input\":{\"@type\":\"PropertyValueSpecification\",\"valueRequired\":true,\"valueName\":\"search_term_string\"}}],\"inLanguage\":\"fr-FR\"},{\"@type\":\"Organization\",\"@id\":\"https:\/\/vertexgroup.com.tr\/#organization\",\"name\":\"Vertex Group\",\"url\":\"https:\/\/vertexgroup.com.tr\/\",\"logo\":{\"@type\":\"ImageObject\",\"inLanguage\":\"fr-FR\",\"@id\":\"https:\/\/vertexgroup.com.tr\/#\/schema\/logo\/image\/\",\"url\":\"https:\/\/vertexgroup.com.tr\/wp-content\/uploads\/2023\/06\/Vertex-logo-1.png\",\"contentUrl\":\"https:\/\/vertexgroup.com.tr\/wp-content\/uploads\/2023\/06\/Vertex-logo-1.png\",\"width\":727,\"height\":270,\"caption\":\"Vertex Group\"},\"image\":{\"@id\":\"https:\/\/vertexgroup.com.tr\/#\/schema\/logo\/image\/\"}}]}<\/script>\n<!-- \/ Yoast SEO plugin. -->","yoast_head_json":{"title":"KVKK Bildirimi - Vertex Group","robots":{"index":"index","follow":"follow","max-snippet":"max-snippet:-1","max-image-preview":"max-image-preview:large","max-video-preview":"max-video-preview:-1"},"canonical":"https:\/\/vertexgroup.com.tr\/fr\/kvkk-bildirimi\/","og_locale":"fr_FR","og_type":"article","og_title":"KVKK Bildirimi - Vertex Group","og_description":"Ki\u015fisel verilerinizi \u00f6zel hayat\u0131n gizlili\u011fi ve ki\u015filerin temel hak ve \u00f6zg\u00fcrl\u00fcklerinin korunmas\u0131 ilkesine uygun olarak muhafazas\u0131, i\u015flenmesi ve mevzuata uygun olarak aktar\u0131m\u0131 a\u015famalar\u0131nda vertexgroup.com.tr olarak Veri Sorumlusu s\u0131fat\u0131 ile gerekli&hellip;","og_url":"https:\/\/vertexgroup.com.tr\/fr\/kvkk-bildirimi\/","og_site_name":"Vertex Group","article_modified_time":"2025-07-08T15:51:44+00:00","twitter_card":"summary_large_image","twitter_misc":{"Dur\u00e9e de lecture estim\u00e9e":"1 minute"},"schema":{"@context":"https:\/\/schema.org","@graph":[{"@type":"WebPage","@id":"https:\/\/vertexgroup.com.tr\/kvkk-bildirimi\/","url":"https:\/\/vertexgroup.com.tr\/kvkk-bildirimi\/","name":"KVKK Bildirimi - Vertex Group","isPartOf":{"@id":"https:\/\/vertexgroup.com.tr\/#website"},"datePublished":"2025-07-08T11:38:16+00:00","dateModified":"2025-07-08T15:51:44+00:00","breadcrumb":{"@id":"https:\/\/vertexgroup.com.tr\/kvkk-bildirimi\/#breadcrumb"},"inLanguage":"fr-FR","potentialAction":[{"@type":"ReadAction","target":["https:\/\/vertexgroup.com.tr\/kvkk-bildirimi\/"]}]},{"@type":"BreadcrumbList","@id":"https:\/\/vertexgroup.com.tr\/kvkk-bildirimi\/#breadcrumb","itemListElement":[{"@type":"ListItem","position":1,"name":"Anasayfa","item":"https:\/\/vertexgroup.com.tr\/"},{"@type":"ListItem","position":2,"name":"KVKK Bildirimi"}]},{"@type":"WebSite","@id":"https:\/\/vertexgroup.com.tr\/#website","url":"https:\/\/vertexgroup.com.tr\/","name":"Vertex Group","description":"Sporun Gelece\u011fini \u0130n\u015fa Ediyoruz","publisher":{"@id":"https:\/\/vertexgroup.com.tr\/#organization"},"potentialAction":[{"@type":"SearchAction","target":{"@type":"EntryPoint","urlTemplate":"https:\/\/vertexgroup.com.tr\/?s={search_term_string}"},"query-input":{"@type":"PropertyValueSpecification","valueRequired":true,"valueName":"search_term_string"}}],"inLanguage":"fr-FR"},{"@type":"Organization","@id":"https:\/\/vertexgroup.com.tr\/#organization","name":"Vertex Group","url":"https:\/\/vertexgroup.com.tr\/","logo":{"@type":"ImageObject","inLanguage":"fr-FR","@id":"https:\/\/vertexgroup.com.tr\/#\/schema\/logo\/image\/","url":"https:\/\/vertexgroup.com.tr\/wp-content\/uploads\/2023\/06\/Vertex-logo-1.png","contentUrl":"https:\/\/vertexgroup.com.tr\/wp-content\/uploads\/2023\/06\/Vertex-logo-1.png","width":727,"height":270,"caption":"Vertex Group"},"image":{"@id":"https:\/\/vertexgroup.com.tr\/#\/schema\/logo\/image\/"}}]}},"_links":{"self":[{"href":"https:\/\/vertexgroup.com.tr\/fr\/wp-json\/wp\/v2\/pages\/42530","targetHints":{"allow":["GET"]}}],"collection":[{"href":"https:\/\/vertexgroup.com.tr\/fr\/wp-json\/wp\/v2\/pages"}],"about":[{"href":"https:\/\/vertexgroup.com.tr\/fr\/wp-json\/wp\/v2\/types\/page"}],"author":[{"embeddable":true,"href":"https:\/\/vertexgroup.com.tr\/fr\/wp-json\/wp\/v2\/users\/1"}],"replies":[{"embeddable":true,"href":"https:\/\/vertexgroup.com.tr\/fr\/wp-json\/wp\/v2\/comments?post=42530"}],"version-history":[{"count":4,"href":"https:\/\/vertexgroup.com.tr\/fr\/wp-json\/wp\/v2\/pages\/42530\/revisions"}],"predecessor-version":[{"id":42719,"href":"https:\/\/vertexgroup.com.tr\/fr\/wp-json\/wp\/v2\/pages\/42530\/revisions\/42719"}],"wp:attachment":[{"href":"https:\/\/vertexgroup.com.tr\/fr\/wp-json\/wp\/v2\/media?parent=42530"}],"curies":[{"name":"wp","href":"https:\/\/api.w.org\/{rel}","templated":true}]}}