{"id":42529,"date":"2025-07-08T11:38:10","date_gmt":"2025-07-08T11:38:10","guid":{"rendered":"https:\/\/vertexgroup.com.tr\/?page_id=42529"},"modified":"2025-07-08T15:51:53","modified_gmt":"2025-07-08T15:51:53","slug":"cerez-politikasi","status":"publish","type":"page","link":"https:\/\/vertexgroup.com.tr\/fr\/cerez-politikasi\/","title":{"rendered":"Politique Relative Aux Cookies"},"content":{"rendered":"<div data-elementor-type=\"wp-page\" data-elementor-id=\"42529\" class=\"elementor elementor-42529\">\n\t\t\t\t\t\t<section class=\"elementor-section elementor-top-section elementor-element elementor-element-316a09a1 elementor-section-boxed elementor-section-height-default elementor-section-height-default sc_fly_static\" data-id=\"316a09a1\" data-element_type=\"section\">\n\t\t\t\t\t\t<div class=\"elementor-container elementor-column-gap-extended\">\n\t\t\t\t\t<div class=\"elementor-column elementor-col-100 elementor-top-column elementor-element elementor-element-5d7413cc sc_content_align_inherit sc_layouts_column_icons_position_left sc_fly_static\" data-id=\"5d7413cc\" data-element_type=\"column\">\n\t\t\t<div class=\"elementor-widget-wrap elementor-element-populated\">\n\t\t\t\t\t\t<div class=\"elementor-element elementor-element-4899c1b5 sc_fly_static elementor-widget elementor-widget-text-editor\" data-id=\"4899c1b5\" data-element_type=\"widget\" data-widget_type=\"text-editor.default\">\n\t\t\t\t<div class=\"elementor-widget-container\">\n\t\t\t\t\t\t\t\t\t<p>Chaque fois que vous visitez notre site Web, des informations concernant votre acc\u00e8s et votre utilisation sont collect\u00e9es \u00e0 l'aide de divers outils d'acquisition de donn\u00e9es ou de technologies pertinentes par des tiers op\u00e9rant en notre nom et pour notre compte, afin de rendre notre site Web utile, efficace et s\u00e9curis\u00e9 et de vous fournir un meilleur service.<\/p><p><strong>Qu'est-ce qu'un cookie ?\u00a0<\/strong><\/p><p>Les cookies sont de tr\u00e8s petits fichiers texte, g\u00e9n\u00e9ralement compos\u00e9s de lettres et de chiffres, stock\u00e9s dans le navigateur des utilisateurs lorsqu'ils consultent une page web. Ils enregistrent les recherches effectu\u00e9es sur les sites web dans l'historique de navigation. Ils permettent \u00e0 un site web d'y acc\u00e9der en suivant son activit\u00e9 dans les enregistrements du navigateur. Les cookies sont comparables \u00e0 des cartes d'identit\u00e9 qui indiquent aux sites web qu'un m\u00eame visiteur a d\u00e9j\u00e0 visit\u00e9 le m\u00eame site. Les cookies ne contiennent aucune donn\u00e9e personnelle sur les visiteurs, comme leur nom, leur sexe ou leur adresse. Pour plus d'informations sur les cookies, veuillez consulter les sites www.aboutcookies.org et www.allaboutcookies.org.<\/p><p><strong>Types de cookies et leurs finalit\u00e9s d'utilisation\u00a0<\/strong><\/p><p>Les cookies g\u00e9r\u00e9s par le propri\u00e9taire du site sont appel\u00e9s \u00ab\u00a0Cookies de site web\u00a0\u00bb. Des cookies tiers g\u00e9r\u00e9s par diff\u00e9rentes soci\u00e9t\u00e9s peuvent \u00e9galement \u00eatre utilis\u00e9s. Les cookies de session sont supprim\u00e9s lorsque le visiteur quitte le site web, tandis que les cookies persistants restent sur les appareils des visiteurs pendant des dur\u00e9es variables. Nous pouvons \u00e9galement varier les types de cookies en fonction de leur utilisation pr\u00e9vue, notamment les cookies techniques, les cookies de v\u00e9rification, les cookies de ciblage\/publicitaires, les cookies de personnalisation et les cookies d'analyse. Les cookies peuvent \u00eatre utilis\u00e9s pour ex\u00e9cuter les fonctions de base n\u00e9cessaires au fonctionnement du site web, analyser le site web et am\u00e9liorer ses performances, am\u00e9liorer ses fonctionnalit\u00e9s et sa facilit\u00e9 d'utilisation, et r\u00e9aliser des activit\u00e9s de personnalisation, de ciblage et de publicit\u00e9.<\/p><p><strong>Gestion des pr\u00e9f\u00e9rences de cookies<\/strong><\/p><p>Vos pr\u00e9f\u00e9rences concernant les donn\u00e9es personnelles que vous collectez lors de votre utilisation de notre site web Rund-A sont extr\u00eamement importantes pour nous. Cependant, il n'est pas possible de g\u00e9rer les pr\u00e9f\u00e9rences relatives aux cookies, pourtant essentiels au fonctionnement du site. De plus, nous vous rappelons que la d\u00e9sactivation de certains cookies peut emp\u00eacher l'acc\u00e8s \u00e0 certaines fonctionnalit\u00e9s du site. Voici comment g\u00e9rer vos pr\u00e9f\u00e9rences relatives aux cookies sur notre site web\u00a0: vous avez le droit de personnaliser vos pr\u00e9f\u00e9rences en modifiant les param\u00e8tres du navigateur que vous utilisez pour consulter notre site web. Si votre navigateur propose cette option, vous pouvez modifier vos pr\u00e9f\u00e9rences relatives aux cookies via les param\u00e8tres de votre navigateur. Ainsi, bien que cela puisse varier selon les fonctionnalit\u00e9s offertes par le navigateur, les propri\u00e9taires de donn\u00e9es ont la possibilit\u00e9 d'emp\u00eacher l'utilisation de cookies, de recevoir un avertissement avant l'utilisation d'un cookie, ou de d\u00e9sactiver ou supprimer uniquement certains cookies. Ces pr\u00e9f\u00e9rences varient selon le navigateur que vous utilisez et vous trouverez une explication g\u00e9n\u00e9rale sur https:\/\/www.aboutcookies.org\/. Vos pr\u00e9f\u00e9rences relatives aux cookies peuvent devoir \u00eatre d\u00e9finies s\u00e9par\u00e9ment pour chaque appareil depuis lequel vous acc\u00e9dez \u00e0 notre site web.\u00a0<\/p>\t\t\t\t\t\t\t\t<\/div>\n\t\t\t\t<\/div>\n\t\t\t\t\t<\/div>\n\t\t<\/div>\n\t\t\t\t\t<\/div>\n\t\t<\/section>\n\t\t\t\t<\/div>","protected":false},"excerpt":{"rendered":"<p>Web sitemizi her ziyaretinizde eri\u015fim ve kullan\u0131mlar\u0131n\u0131z\u0131 g\u00f6steren bilgiler sitemizi kullan\u0131\u015fl\u0131, etkili, g\u00fcvenli hale getirmek ve size daha iyi hizmet verebilmek amac\u0131yla \u00e7e\u015fitli veri elde etme ara\u00e7lar\u0131 ile veya bizim&hellip;<\/p>","protected":false},"author":1,"featured_media":0,"parent":0,"menu_order":0,"comment_status":"closed","ping_status":"closed","template":"","meta":{"footnotes":""},"class_list":["post-42529","page","type-page","status-publish","hentry"],"yoast_head":"<!-- This site is optimized with the Yoast SEO plugin v25.4 - https:\/\/yoast.com\/wordpress\/plugins\/seo\/ -->\n<title>\u00c7erez Politikas\u0131 - Vertex Group<\/title>\n<meta name=\"robots\" content=\"index, follow, max-snippet:-1, max-image-preview:large, max-video-preview:-1\" \/>\n<link rel=\"canonical\" href=\"https:\/\/vertexgroup.com.tr\/fr\/cerez-politikasi\/\" \/>\n<meta property=\"og:locale\" content=\"fr_FR\" \/>\n<meta property=\"og:type\" content=\"article\" \/>\n<meta property=\"og:title\" content=\"\u00c7erez Politikas\u0131 - Vertex Group\" \/>\n<meta property=\"og:description\" content=\"Web sitemizi her ziyaretinizde eri\u015fim ve kullan\u0131mlar\u0131n\u0131z\u0131 g\u00f6steren bilgiler sitemizi kullan\u0131\u015fl\u0131, etkili, g\u00fcvenli hale getirmek ve size daha iyi hizmet verebilmek amac\u0131yla \u00e7e\u015fitli veri elde etme ara\u00e7lar\u0131 ile veya bizim&hellip;\" \/>\n<meta property=\"og:url\" content=\"https:\/\/vertexgroup.com.tr\/fr\/cerez-politikasi\/\" \/>\n<meta property=\"og:site_name\" content=\"Vertex Group\" \/>\n<meta property=\"article:modified_time\" content=\"2025-07-08T15:51:53+00:00\" \/>\n<meta name=\"twitter:card\" content=\"summary_large_image\" \/>\n<meta name=\"twitter:label1\" content=\"Dur\u00e9e de lecture estim\u00e9e\" \/>\n\t<meta name=\"twitter:data1\" content=\"3 minutes\" \/>\n<script type=\"application\/ld+json\" class=\"yoast-schema-graph\">{\"@context\":\"https:\/\/schema.org\",\"@graph\":[{\"@type\":\"WebPage\",\"@id\":\"https:\/\/vertexgroup.com.tr\/cerez-politikasi\/\",\"url\":\"https:\/\/vertexgroup.com.tr\/cerez-politikasi\/\",\"name\":\"\u00c7erez Politikas\u0131 - Vertex Group\",\"isPartOf\":{\"@id\":\"https:\/\/vertexgroup.com.tr\/#website\"},\"datePublished\":\"2025-07-08T11:38:10+00:00\",\"dateModified\":\"2025-07-08T15:51:53+00:00\",\"breadcrumb\":{\"@id\":\"https:\/\/vertexgroup.com.tr\/cerez-politikasi\/#breadcrumb\"},\"inLanguage\":\"fr-FR\",\"potentialAction\":[{\"@type\":\"ReadAction\",\"target\":[\"https:\/\/vertexgroup.com.tr\/cerez-politikasi\/\"]}]},{\"@type\":\"BreadcrumbList\",\"@id\":\"https:\/\/vertexgroup.com.tr\/cerez-politikasi\/#breadcrumb\",\"itemListElement\":[{\"@type\":\"ListItem\",\"position\":1,\"name\":\"Anasayfa\",\"item\":\"https:\/\/vertexgroup.com.tr\/\"},{\"@type\":\"ListItem\",\"position\":2,\"name\":\"\u00c7erez Politikas\u0131\"}]},{\"@type\":\"WebSite\",\"@id\":\"https:\/\/vertexgroup.com.tr\/#website\",\"url\":\"https:\/\/vertexgroup.com.tr\/\",\"name\":\"Vertex Group\",\"description\":\"Sporun Gelece\u011fini \u0130n\u015fa Ediyoruz\",\"publisher\":{\"@id\":\"https:\/\/vertexgroup.com.tr\/#organization\"},\"potentialAction\":[{\"@type\":\"SearchAction\",\"target\":{\"@type\":\"EntryPoint\",\"urlTemplate\":\"https:\/\/vertexgroup.com.tr\/?s={search_term_string}\"},\"query-input\":{\"@type\":\"PropertyValueSpecification\",\"valueRequired\":true,\"valueName\":\"search_term_string\"}}],\"inLanguage\":\"fr-FR\"},{\"@type\":\"Organization\",\"@id\":\"https:\/\/vertexgroup.com.tr\/#organization\",\"name\":\"Vertex Group\",\"url\":\"https:\/\/vertexgroup.com.tr\/\",\"logo\":{\"@type\":\"ImageObject\",\"inLanguage\":\"fr-FR\",\"@id\":\"https:\/\/vertexgroup.com.tr\/#\/schema\/logo\/image\/\",\"url\":\"https:\/\/vertexgroup.com.tr\/wp-content\/uploads\/2023\/06\/Vertex-logo-1.png\",\"contentUrl\":\"https:\/\/vertexgroup.com.tr\/wp-content\/uploads\/2023\/06\/Vertex-logo-1.png\",\"width\":727,\"height\":270,\"caption\":\"Vertex Group\"},\"image\":{\"@id\":\"https:\/\/vertexgroup.com.tr\/#\/schema\/logo\/image\/\"}}]}<\/script>\n<!-- \/ Yoast SEO plugin. -->","yoast_head_json":{"title":"\u00c7erez Politikas\u0131 - Vertex Group","robots":{"index":"index","follow":"follow","max-snippet":"max-snippet:-1","max-image-preview":"max-image-preview:large","max-video-preview":"max-video-preview:-1"},"canonical":"https:\/\/vertexgroup.com.tr\/fr\/cerez-politikasi\/","og_locale":"fr_FR","og_type":"article","og_title":"\u00c7erez Politikas\u0131 - Vertex Group","og_description":"Web sitemizi her ziyaretinizde eri\u015fim ve kullan\u0131mlar\u0131n\u0131z\u0131 g\u00f6steren bilgiler sitemizi kullan\u0131\u015fl\u0131, etkili, g\u00fcvenli hale getirmek ve size daha iyi hizmet verebilmek amac\u0131yla \u00e7e\u015fitli veri elde etme ara\u00e7lar\u0131 ile veya bizim&hellip;","og_url":"https:\/\/vertexgroup.com.tr\/fr\/cerez-politikasi\/","og_site_name":"Vertex Group","article_modified_time":"2025-07-08T15:51:53+00:00","twitter_card":"summary_large_image","twitter_misc":{"Dur\u00e9e de lecture estim\u00e9e":"3 minutes"},"schema":{"@context":"https:\/\/schema.org","@graph":[{"@type":"WebPage","@id":"https:\/\/vertexgroup.com.tr\/cerez-politikasi\/","url":"https:\/\/vertexgroup.com.tr\/cerez-politikasi\/","name":"\u00c7erez Politikas\u0131 - Vertex Group","isPartOf":{"@id":"https:\/\/vertexgroup.com.tr\/#website"},"datePublished":"2025-07-08T11:38:10+00:00","dateModified":"2025-07-08T15:51:53+00:00","breadcrumb":{"@id":"https:\/\/vertexgroup.com.tr\/cerez-politikasi\/#breadcrumb"},"inLanguage":"fr-FR","potentialAction":[{"@type":"ReadAction","target":["https:\/\/vertexgroup.com.tr\/cerez-politikasi\/"]}]},{"@type":"BreadcrumbList","@id":"https:\/\/vertexgroup.com.tr\/cerez-politikasi\/#breadcrumb","itemListElement":[{"@type":"ListItem","position":1,"name":"Anasayfa","item":"https:\/\/vertexgroup.com.tr\/"},{"@type":"ListItem","position":2,"name":"\u00c7erez Politikas\u0131"}]},{"@type":"WebSite","@id":"https:\/\/vertexgroup.com.tr\/#website","url":"https:\/\/vertexgroup.com.tr\/","name":"Vertex Group","description":"Sporun Gelece\u011fini \u0130n\u015fa Ediyoruz","publisher":{"@id":"https:\/\/vertexgroup.com.tr\/#organization"},"potentialAction":[{"@type":"SearchAction","target":{"@type":"EntryPoint","urlTemplate":"https:\/\/vertexgroup.com.tr\/?s={search_term_string}"},"query-input":{"@type":"PropertyValueSpecification","valueRequired":true,"valueName":"search_term_string"}}],"inLanguage":"fr-FR"},{"@type":"Organization","@id":"https:\/\/vertexgroup.com.tr\/#organization","name":"Vertex Group","url":"https:\/\/vertexgroup.com.tr\/","logo":{"@type":"ImageObject","inLanguage":"fr-FR","@id":"https:\/\/vertexgroup.com.tr\/#\/schema\/logo\/image\/","url":"https:\/\/vertexgroup.com.tr\/wp-content\/uploads\/2023\/06\/Vertex-logo-1.png","contentUrl":"https:\/\/vertexgroup.com.tr\/wp-content\/uploads\/2023\/06\/Vertex-logo-1.png","width":727,"height":270,"caption":"Vertex Group"},"image":{"@id":"https:\/\/vertexgroup.com.tr\/#\/schema\/logo\/image\/"}}]}},"_links":{"self":[{"href":"https:\/\/vertexgroup.com.tr\/fr\/wp-json\/wp\/v2\/pages\/42529","targetHints":{"allow":["GET"]}}],"collection":[{"href":"https:\/\/vertexgroup.com.tr\/fr\/wp-json\/wp\/v2\/pages"}],"about":[{"href":"https:\/\/vertexgroup.com.tr\/fr\/wp-json\/wp\/v2\/types\/page"}],"author":[{"embeddable":true,"href":"https:\/\/vertexgroup.com.tr\/fr\/wp-json\/wp\/v2\/users\/1"}],"replies":[{"embeddable":true,"href":"https:\/\/vertexgroup.com.tr\/fr\/wp-json\/wp\/v2\/comments?post=42529"}],"version-history":[{"count":4,"href":"https:\/\/vertexgroup.com.tr\/fr\/wp-json\/wp\/v2\/pages\/42529\/revisions"}],"predecessor-version":[{"id":42722,"href":"https:\/\/vertexgroup.com.tr\/fr\/wp-json\/wp\/v2\/pages\/42529\/revisions\/42722"}],"wp:attachment":[{"href":"https:\/\/vertexgroup.com.tr\/fr\/wp-json\/wp\/v2\/media?parent=42529"}],"curies":[{"name":"wp","href":"https:\/\/api.w.org\/{rel}","templated":true}]}}