{"id":42521,"date":"2025-07-08T11:37:09","date_gmt":"2025-07-08T11:37:09","guid":{"rendered":"https:\/\/vertexgroup.com.tr\/?page_id=42521"},"modified":"2025-07-08T15:52:11","modified_gmt":"2025-07-08T15:52:11","slug":"gizlilik-politikasi","status":"publish","type":"page","link":"https:\/\/vertexgroup.com.tr\/fr\/gizlilik-politikasi\/","title":{"rendered":"Politique de Confidentialit\u00e9"},"content":{"rendered":"<div data-elementor-type=\"wp-page\" data-elementor-id=\"42521\" class=\"elementor elementor-42521\">\n\t\t\t\t\t\t<section class=\"elementor-section elementor-top-section elementor-element elementor-element-316a09a1 elementor-section-boxed elementor-section-height-default elementor-section-height-default sc_fly_static\" data-id=\"316a09a1\" data-element_type=\"section\">\n\t\t\t\t\t\t<div class=\"elementor-container elementor-column-gap-extended\">\n\t\t\t\t\t<div class=\"elementor-column elementor-col-100 elementor-top-column elementor-element elementor-element-5d7413cc sc_content_align_inherit sc_layouts_column_icons_position_left sc_fly_static\" data-id=\"5d7413cc\" data-element_type=\"column\">\n\t\t\t<div class=\"elementor-widget-wrap elementor-element-populated\">\n\t\t\t\t\t\t<div class=\"elementor-element elementor-element-4899c1b5 sc_fly_static elementor-widget elementor-widget-text-editor\" data-id=\"4899c1b5\" data-element_type=\"widget\" data-widget_type=\"text-editor.default\">\n\t\t\t\t<div class=\"elementor-widget-container\">\n\t\t\t\t\t\t\t\t\t<p>Merci beaucoup de votre visite sur notre site web. La protection de vos donn\u00e9es personnelles est notre priorit\u00e9 absolue. L'utilisation de nos sites web n\u00e9cessite la fourniture de donn\u00e9es personnelles. Seules les donn\u00e9es strictement n\u00e9cessaires sont collect\u00e9es, utilis\u00e9es uniquement aux fins sp\u00e9cifi\u00e9es et supprim\u00e9es une fois ces derni\u00e8res atteintes. En l'absence de fondement juridique pour un tel traitement, nous obtenons g\u00e9n\u00e9ralement votre consentement. Le traitement des donn\u00e9es personnelles d'une personne concern\u00e9e est toujours conforme au R\u00e8glement g\u00e9n\u00e9ral sur la protection des donn\u00e9es (RGPD-UE) et \u00e0 la loi sur la protection des donn\u00e9es personnelles (KVKK).<\/p><p>L'article 20 de la Constitution, relatif au droit \u00e0 la vie priv\u00e9e et \u00e0 la protection de la vie priv\u00e9e, dispose\u00a0: \u00ab\u00a0Toute personne a le droit d'exiger la protection des donn\u00e9es personnelles la concernant. Ce droit comprend le droit d'\u00eatre inform\u00e9 des donn\u00e9es personnelles la concernant, d'y acc\u00e9der, d'en demander la rectification ou la suppression, et de savoir si elles sont utilis\u00e9es conform\u00e9ment \u00e0 leurs finalit\u00e9s. Les donn\u00e9es personnelles ne peuvent \u00eatre trait\u00e9es que dans les cas pr\u00e9vus par la loi ou avec le consentement explicite de la personne concern\u00e9e. Les principes et les proc\u00e9dures relatifs \u00e0 la protection des donn\u00e9es personnelles sont r\u00e9gis par la loi.\u00bb<\/p><p>Conform\u00e9ment aux dispositions obligatoires de la Constitution, la loi n\u00b0 6698 sur la protection des donn\u00e9es personnelles (KVKK) est entr\u00e9e en vigueur d\u00e8s sa publication au Journal officiel du 7 avril 2016. Des r\u00e8glements et d\u00e9cisions du conseil, constituant des textes l\u00e9gislatifs d\u00e9riv\u00e9s pour sa mise en \u0153uvre, ont \u00e9t\u00e9 publi\u00e9s. Cette loi prot\u00e8ge les droits et libert\u00e9s fondamentaux des personnes, notamment le droit \u00e0 la vie priv\u00e9e, dans le traitement des donn\u00e9es personnelles, et r\u00e9git les obligations des personnes physiques et morales traitant ces donn\u00e9es, ainsi que les proc\u00e9dures et principes qu'elles doivent respecter.<\/p><p>L\u2019explication suivante donne un aper\u00e7u du type de donn\u00e9es collect\u00e9es et \u00e0 quelle fin.<\/p><p>Nos sites web utilisent des cookies. Les cookies sont de petits fichiers texte stock\u00e9s sur un ordinateur via un navigateur web. Un cookie est une cha\u00eene de caract\u00e8res que les pages web et les serveurs peuvent attribuer \u00e0 un navigateur web sp\u00e9cifique, permettant ainsi leur reconnaissance et leur identification.<\/p><p>Le Centre international pour l'\u00e9ducation aux STEM (ICSE) utilise des cookies de session. Ces cookies servent \u00e0 rendre l'offre internet plus conviviale, plus efficace et plus s\u00fbre (par exemple, apr\u00e8s une connexion au cours d'une session, vous n'avez pas besoin de vous reconnecter \u00e0 chaque page). Ces finalit\u00e9s rel\u00e8vent \u00e9galement de notre int\u00e9r\u00eat l\u00e9gitime au traitement des donn\u00e9es, conform\u00e9ment \u00e0 l'article 6, paragraphe 1, point f) du RGPD.<\/p><p>Les cookies de session sont supprim\u00e9s lorsque vous terminez la session.<br \/>Certaines de nos pages installent des cookies persistants dans les zones de connexion internes. Ces cookies sont n\u00e9cessaires pour reconna\u00eetre l'utilisateur apr\u00e8s une connexion r\u00e9ussie et garantir la coh\u00e9rence de la page lors de ses sessions ult\u00e9rieures sur le m\u00eame site web. Les cookies persistants sont conserv\u00e9s pendant 14 jours, puis supprim\u00e9s.<br \/>La base juridique du stockage temporaire des donn\u00e9es et des fichiers journaux est l'article 6 (1) lit. f RGPD.<\/p><p>Vous pouvez \u00e0 tout moment emp\u00eacher l'installation de cookies par notre site web en param\u00e9trant votre navigateur et ainsi vous opposer d\u00e9finitivement \u00e0 leur installation. De plus, les cookies d\u00e9j\u00e0 install\u00e9s peuvent \u00eatre supprim\u00e9s \u00e0 tout moment via votre navigateur ou d'autres logiciels. Cette fonctionnalit\u00e9 est disponible sur tous les navigateurs web courants. La d\u00e9sactivation des cookies peut limiter les fonctionnalit\u00e9s de nos sites web.<\/p>\t\t\t\t\t\t\t\t<\/div>\n\t\t\t\t<\/div>\n\t\t\t\t\t<\/div>\n\t\t<\/div>\n\t\t\t\t\t<\/div>\n\t\t<\/section>\n\t\t\t\t<\/div>","protected":false},"excerpt":{"rendered":"<p>Web sayfam\u0131z\u0131 ziyaret etti\u011finiz i\u00e7in \u00e7ok te\u015fekk\u00fcr ederiz. Ki\u015fisel verilerinizin korunmas\u0131 bizim i\u00e7in y\u00fcksek \u00f6nceli\u011fe sahiptir. Web sayfalar\u0131m\u0131z\u0131n kullan\u0131m\u0131 ki\u015fisel verilerin belirtilmesini gerektirir. Yaln\u0131zca kesinlikle gerekli olan veriler toplan\u0131r ve&hellip;<\/p>","protected":false},"author":1,"featured_media":0,"parent":0,"menu_order":0,"comment_status":"closed","ping_status":"closed","template":"","meta":{"footnotes":""},"class_list":["post-42521","page","type-page","status-publish","hentry"],"yoast_head":"<!-- This site is optimized with the Yoast SEO plugin v25.4 - https:\/\/yoast.com\/wordpress\/plugins\/seo\/ -->\n<title>Gizlilik Politikas\u0131 - Vertex Group<\/title>\n<meta name=\"robots\" content=\"index, follow, max-snippet:-1, max-image-preview:large, max-video-preview:-1\" \/>\n<link rel=\"canonical\" href=\"https:\/\/vertexgroup.com.tr\/fr\/gizlilik-politikasi\/\" \/>\n<meta property=\"og:locale\" content=\"fr_FR\" \/>\n<meta property=\"og:type\" content=\"article\" \/>\n<meta property=\"og:title\" content=\"Gizlilik Politikas\u0131 - Vertex Group\" \/>\n<meta property=\"og:description\" content=\"Web sayfam\u0131z\u0131 ziyaret etti\u011finiz i\u00e7in \u00e7ok te\u015fekk\u00fcr ederiz. Ki\u015fisel verilerinizin korunmas\u0131 bizim i\u00e7in y\u00fcksek \u00f6nceli\u011fe sahiptir. Web sayfalar\u0131m\u0131z\u0131n kullan\u0131m\u0131 ki\u015fisel verilerin belirtilmesini gerektirir. Yaln\u0131zca kesinlikle gerekli olan veriler toplan\u0131r ve&hellip;\" \/>\n<meta property=\"og:url\" content=\"https:\/\/vertexgroup.com.tr\/fr\/gizlilik-politikasi\/\" \/>\n<meta property=\"og:site_name\" content=\"Vertex Group\" \/>\n<meta property=\"article:modified_time\" content=\"2025-07-08T15:52:11+00:00\" \/>\n<meta name=\"twitter:card\" content=\"summary_large_image\" \/>\n<meta name=\"twitter:label1\" content=\"Dur\u00e9e de lecture estim\u00e9e\" \/>\n\t<meta name=\"twitter:data1\" content=\"3 minutes\" \/>\n<script type=\"application\/ld+json\" class=\"yoast-schema-graph\">{\"@context\":\"https:\/\/schema.org\",\"@graph\":[{\"@type\":\"WebPage\",\"@id\":\"https:\/\/vertexgroup.com.tr\/gizlilik-politikasi\/\",\"url\":\"https:\/\/vertexgroup.com.tr\/gizlilik-politikasi\/\",\"name\":\"Gizlilik Politikas\u0131 - Vertex Group\",\"isPartOf\":{\"@id\":\"https:\/\/vertexgroup.com.tr\/#website\"},\"datePublished\":\"2025-07-08T11:37:09+00:00\",\"dateModified\":\"2025-07-08T15:52:11+00:00\",\"breadcrumb\":{\"@id\":\"https:\/\/vertexgroup.com.tr\/gizlilik-politikasi\/#breadcrumb\"},\"inLanguage\":\"fr-FR\",\"potentialAction\":[{\"@type\":\"ReadAction\",\"target\":[\"https:\/\/vertexgroup.com.tr\/gizlilik-politikasi\/\"]}]},{\"@type\":\"BreadcrumbList\",\"@id\":\"https:\/\/vertexgroup.com.tr\/gizlilik-politikasi\/#breadcrumb\",\"itemListElement\":[{\"@type\":\"ListItem\",\"position\":1,\"name\":\"Anasayfa\",\"item\":\"https:\/\/vertexgroup.com.tr\/\"},{\"@type\":\"ListItem\",\"position\":2,\"name\":\"Gizlilik Politikas\u0131\"}]},{\"@type\":\"WebSite\",\"@id\":\"https:\/\/vertexgroup.com.tr\/#website\",\"url\":\"https:\/\/vertexgroup.com.tr\/\",\"name\":\"Vertex Group\",\"description\":\"Sporun Gelece\u011fini \u0130n\u015fa Ediyoruz\",\"publisher\":{\"@id\":\"https:\/\/vertexgroup.com.tr\/#organization\"},\"potentialAction\":[{\"@type\":\"SearchAction\",\"target\":{\"@type\":\"EntryPoint\",\"urlTemplate\":\"https:\/\/vertexgroup.com.tr\/?s={search_term_string}\"},\"query-input\":{\"@type\":\"PropertyValueSpecification\",\"valueRequired\":true,\"valueName\":\"search_term_string\"}}],\"inLanguage\":\"fr-FR\"},{\"@type\":\"Organization\",\"@id\":\"https:\/\/vertexgroup.com.tr\/#organization\",\"name\":\"Vertex Group\",\"url\":\"https:\/\/vertexgroup.com.tr\/\",\"logo\":{\"@type\":\"ImageObject\",\"inLanguage\":\"fr-FR\",\"@id\":\"https:\/\/vertexgroup.com.tr\/#\/schema\/logo\/image\/\",\"url\":\"https:\/\/vertexgroup.com.tr\/wp-content\/uploads\/2023\/06\/Vertex-logo-1.png\",\"contentUrl\":\"https:\/\/vertexgroup.com.tr\/wp-content\/uploads\/2023\/06\/Vertex-logo-1.png\",\"width\":727,\"height\":270,\"caption\":\"Vertex Group\"},\"image\":{\"@id\":\"https:\/\/vertexgroup.com.tr\/#\/schema\/logo\/image\/\"}}]}<\/script>\n<!-- \/ Yoast SEO plugin. -->","yoast_head_json":{"title":"Gizlilik Politikas\u0131 - Vertex Group","robots":{"index":"index","follow":"follow","max-snippet":"max-snippet:-1","max-image-preview":"max-image-preview:large","max-video-preview":"max-video-preview:-1"},"canonical":"https:\/\/vertexgroup.com.tr\/fr\/gizlilik-politikasi\/","og_locale":"fr_FR","og_type":"article","og_title":"Gizlilik Politikas\u0131 - Vertex Group","og_description":"Web sayfam\u0131z\u0131 ziyaret etti\u011finiz i\u00e7in \u00e7ok te\u015fekk\u00fcr ederiz. Ki\u015fisel verilerinizin korunmas\u0131 bizim i\u00e7in y\u00fcksek \u00f6nceli\u011fe sahiptir. Web sayfalar\u0131m\u0131z\u0131n kullan\u0131m\u0131 ki\u015fisel verilerin belirtilmesini gerektirir. Yaln\u0131zca kesinlikle gerekli olan veriler toplan\u0131r ve&hellip;","og_url":"https:\/\/vertexgroup.com.tr\/fr\/gizlilik-politikasi\/","og_site_name":"Vertex Group","article_modified_time":"2025-07-08T15:52:11+00:00","twitter_card":"summary_large_image","twitter_misc":{"Dur\u00e9e de lecture estim\u00e9e":"3 minutes"},"schema":{"@context":"https:\/\/schema.org","@graph":[{"@type":"WebPage","@id":"https:\/\/vertexgroup.com.tr\/gizlilik-politikasi\/","url":"https:\/\/vertexgroup.com.tr\/gizlilik-politikasi\/","name":"Gizlilik Politikas\u0131 - Vertex Group","isPartOf":{"@id":"https:\/\/vertexgroup.com.tr\/#website"},"datePublished":"2025-07-08T11:37:09+00:00","dateModified":"2025-07-08T15:52:11+00:00","breadcrumb":{"@id":"https:\/\/vertexgroup.com.tr\/gizlilik-politikasi\/#breadcrumb"},"inLanguage":"fr-FR","potentialAction":[{"@type":"ReadAction","target":["https:\/\/vertexgroup.com.tr\/gizlilik-politikasi\/"]}]},{"@type":"BreadcrumbList","@id":"https:\/\/vertexgroup.com.tr\/gizlilik-politikasi\/#breadcrumb","itemListElement":[{"@type":"ListItem","position":1,"name":"Anasayfa","item":"https:\/\/vertexgroup.com.tr\/"},{"@type":"ListItem","position":2,"name":"Gizlilik Politikas\u0131"}]},{"@type":"WebSite","@id":"https:\/\/vertexgroup.com.tr\/#website","url":"https:\/\/vertexgroup.com.tr\/","name":"Vertex Group","description":"Sporun Gelece\u011fini \u0130n\u015fa Ediyoruz","publisher":{"@id":"https:\/\/vertexgroup.com.tr\/#organization"},"potentialAction":[{"@type":"SearchAction","target":{"@type":"EntryPoint","urlTemplate":"https:\/\/vertexgroup.com.tr\/?s={search_term_string}"},"query-input":{"@type":"PropertyValueSpecification","valueRequired":true,"valueName":"search_term_string"}}],"inLanguage":"fr-FR"},{"@type":"Organization","@id":"https:\/\/vertexgroup.com.tr\/#organization","name":"Vertex Group","url":"https:\/\/vertexgroup.com.tr\/","logo":{"@type":"ImageObject","inLanguage":"fr-FR","@id":"https:\/\/vertexgroup.com.tr\/#\/schema\/logo\/image\/","url":"https:\/\/vertexgroup.com.tr\/wp-content\/uploads\/2023\/06\/Vertex-logo-1.png","contentUrl":"https:\/\/vertexgroup.com.tr\/wp-content\/uploads\/2023\/06\/Vertex-logo-1.png","width":727,"height":270,"caption":"Vertex Group"},"image":{"@id":"https:\/\/vertexgroup.com.tr\/#\/schema\/logo\/image\/"}}]}},"_links":{"self":[{"href":"https:\/\/vertexgroup.com.tr\/fr\/wp-json\/wp\/v2\/pages\/42521","targetHints":{"allow":["GET"]}}],"collection":[{"href":"https:\/\/vertexgroup.com.tr\/fr\/wp-json\/wp\/v2\/pages"}],"about":[{"href":"https:\/\/vertexgroup.com.tr\/fr\/wp-json\/wp\/v2\/types\/page"}],"author":[{"embeddable":true,"href":"https:\/\/vertexgroup.com.tr\/fr\/wp-json\/wp\/v2\/users\/1"}],"replies":[{"embeddable":true,"href":"https:\/\/vertexgroup.com.tr\/fr\/wp-json\/wp\/v2\/comments?post=42521"}],"version-history":[{"count":10,"href":"https:\/\/vertexgroup.com.tr\/fr\/wp-json\/wp\/v2\/pages\/42521\/revisions"}],"predecessor-version":[{"id":42725,"href":"https:\/\/vertexgroup.com.tr\/fr\/wp-json\/wp\/v2\/pages\/42521\/revisions\/42725"}],"wp:attachment":[{"href":"https:\/\/vertexgroup.com.tr\/fr\/wp-json\/wp\/v2\/media?parent=42521"}],"curies":[{"name":"wp","href":"https:\/\/api.w.org\/{rel}","templated":true}]}}