{"id":18128,"date":"2023-06-20T14:27:07","date_gmt":"2023-06-20T14:27:07","guid":{"rendered":"https:\/\/vertexgroup.com.tr\/?page_id=18128"},"modified":"2025-07-10T20:14:07","modified_gmt":"2025-07-10T20:14:07","slug":"faqs","status":"publish","type":"page","link":"https:\/\/vertexgroup.com.tr\/fr\/faqs\/","title":{"rendered":"FAQs"},"content":{"rendered":"<div data-elementor-type=\"wp-page\" data-elementor-id=\"18128\" class=\"elementor elementor-18128\">\n\t\t\t\t\t\t<section class=\"elementor-section elementor-top-section elementor-element elementor-element-cfe8845 elementor-section-boxed elementor-section-height-default elementor-section-height-default sc_fly_static\" data-id=\"cfe8845\" data-element_type=\"section\">\n\t\t\t\t\t\t<div class=\"elementor-container elementor-column-gap-extended\">\n\t\t\t\t\t<div class=\"elementor-column elementor-col-100 elementor-top-column elementor-element elementor-element-1e49cec sc_content_align_inherit sc_layouts_column_icons_position_left sc_fly_static\" data-id=\"1e49cec\" data-element_type=\"column\">\n\t\t\t<div class=\"elementor-widget-wrap elementor-element-populated\">\n\t\t\t\t\t\t<div class=\"elementor-element elementor-element-6ff34f7 sc_height_large sc_fly_static elementor-widget elementor-widget-spacer\" data-id=\"6ff34f7\" data-element_type=\"widget\" data-widget_type=\"spacer.default\">\n\t\t\t\t<div class=\"elementor-widget-container\">\n\t\t\t\t\t\t\t<div class=\"elementor-spacer\">\n\t\t\t<div class=\"elementor-spacer-inner\"><\/div>\n\t\t<\/div>\n\t\t\t\t\t\t<\/div>\n\t\t\t\t<\/div>\n\t\t\t\t<div class=\"elementor-element elementor-element-ce8a7e1 sc_fly_static elementor-widget elementor-widget-toggle\" data-id=\"ce8a7e1\" data-element_type=\"widget\" data-widget_type=\"toggle.default\">\n\t\t\t\t<div class=\"elementor-widget-container\">\n\t\t\t\t\t\t\t<div class=\"elementor-toggle\">\n\t\t\t\t\t\t\t<div class=\"elementor-toggle-item\">\n\t\t\t\t\t<h4 id=\"elementor-tab-title-2161\" class=\"elementor-tab-title\" data-tab=\"1\" role=\"button\" aria-controls=\"elementor-tab-content-2161\" aria-expanded=\"false\">\n\t\t\t\t\t\t\t\t\t\t\t\t<span class=\"elementor-toggle-icon elementor-toggle-icon-right\" aria-hidden=\"true\">\n\t\t\t\t\t\t\t\t\t\t\t\t\t\t\t<span class=\"elementor-toggle-icon-closed\"><i class=\"fas fa-plus\"><\/i><\/span>\n\t\t\t\t\t\t\t\t<span class=\"elementor-toggle-icon-opened\"><i class=\"elementor-toggle-icon-opened fas fa-minus\"><\/i><\/span>\n\t\t\t\t\t\t\t\t\t\t\t\t\t<\/span>\n\t\t\t\t\t\t\t\t\t\t\t\t<a class=\"elementor-toggle-title\" tabindex=\"0\">Comment acheter du gazon synth\u00e9tique ?<\/a>\n\t\t\t\t\t<\/h4>\n\n\t\t\t\t\t<div id=\"elementor-tab-content-2161\" class=\"elementor-tab-content elementor-clearfix\" data-tab=\"1\" role=\"region\" aria-labelledby=\"elementor-tab-title-2161\"><p>D\u00e9finissez votre projet \u2192 Demandez un devis \u2192 \u00c9chantillon (optionnel) \u2192 Commande \u2192 Production et livraison.<\/p><\/div>\n\t\t\t\t<\/div>\n\t\t\t\t\t\t\t<div class=\"elementor-toggle-item\">\n\t\t\t\t\t<h4 id=\"elementor-tab-title-2162\" class=\"elementor-tab-title\" data-tab=\"2\" role=\"button\" aria-controls=\"elementor-tab-content-2162\" aria-expanded=\"false\">\n\t\t\t\t\t\t\t\t\t\t\t\t<span class=\"elementor-toggle-icon elementor-toggle-icon-right\" aria-hidden=\"true\">\n\t\t\t\t\t\t\t\t\t\t\t\t\t\t\t<span class=\"elementor-toggle-icon-closed\"><i class=\"fas fa-plus\"><\/i><\/span>\n\t\t\t\t\t\t\t\t<span class=\"elementor-toggle-icon-opened\"><i class=\"elementor-toggle-icon-opened fas fa-minus\"><\/i><\/span>\n\t\t\t\t\t\t\t\t\t\t\t\t\t<\/span>\n\t\t\t\t\t\t\t\t\t\t\t\t<a class=\"elementor-toggle-title\" tabindex=\"0\">Comment installer du gazon synth\u00e9tique ?<\/a>\n\t\t\t\t\t<\/h4>\n\n\t\t\t\t\t<div id=\"elementor-tab-content-2162\" class=\"elementor-tab-content elementor-clearfix\" data-tab=\"2\" role=\"region\" aria-labelledby=\"elementor-tab-title-2162\"><p>Pr\u00e9paration du sol \u2192 Pose du gazon \u2192 Collage des jonctions \u2192 Remplissage avec sable et granul\u00e9s. Installation disponible sur demande.<\/p><\/div>\n\t\t\t\t<\/div>\n\t\t\t\t\t\t\t<div class=\"elementor-toggle-item\">\n\t\t\t\t\t<h4 id=\"elementor-tab-title-2163\" class=\"elementor-tab-title\" data-tab=\"3\" role=\"button\" aria-controls=\"elementor-tab-content-2163\" aria-expanded=\"false\">\n\t\t\t\t\t\t\t\t\t\t\t\t<span class=\"elementor-toggle-icon elementor-toggle-icon-right\" aria-hidden=\"true\">\n\t\t\t\t\t\t\t\t\t\t\t\t\t\t\t<span class=\"elementor-toggle-icon-closed\"><i class=\"fas fa-plus\"><\/i><\/span>\n\t\t\t\t\t\t\t\t<span class=\"elementor-toggle-icon-opened\"><i class=\"elementor-toggle-icon-opened fas fa-minus\"><\/i><\/span>\n\t\t\t\t\t\t\t\t\t\t\t\t\t<\/span>\n\t\t\t\t\t\t\t\t\t\t\t\t<a class=\"elementor-toggle-title\" tabindex=\"0\">Proposez-vous des projets cl\u00e9s en main ?<\/a>\n\t\t\t\t\t<\/h4>\n\n\t\t\t\t\t<div id=\"elementor-tab-content-2163\" class=\"elementor-tab-content elementor-clearfix\" data-tab=\"3\" role=\"region\" aria-labelledby=\"elementor-tab-title-2163\"><p>Oui. Du gazon aux cl\u00f4tures, buts, \u00e9clairage et structures m\u00e9talliques \u2013 nous livrons des terrains complets.<\/p><\/div>\n\t\t\t\t<\/div>\n\t\t\t\t\t\t\t<div class=\"elementor-toggle-item\">\n\t\t\t\t\t<h4 id=\"elementor-tab-title-2164\" class=\"elementor-tab-title\" data-tab=\"4\" role=\"button\" aria-controls=\"elementor-tab-content-2164\" aria-expanded=\"false\">\n\t\t\t\t\t\t\t\t\t\t\t\t<span class=\"elementor-toggle-icon elementor-toggle-icon-right\" aria-hidden=\"true\">\n\t\t\t\t\t\t\t\t\t\t\t\t\t\t\t<span class=\"elementor-toggle-icon-closed\"><i class=\"fas fa-plus\"><\/i><\/span>\n\t\t\t\t\t\t\t\t<span class=\"elementor-toggle-icon-opened\"><i class=\"elementor-toggle-icon-opened fas fa-minus\"><\/i><\/span>\n\t\t\t\t\t\t\t\t\t\t\t\t\t<\/span>\n\t\t\t\t\t\t\t\t\t\t\t\t<a class=\"elementor-toggle-title\" tabindex=\"0\">\u00cates-vous fabricant ?<\/a>\n\t\t\t\t\t<\/h4>\n\n\t\t\t\t\t<div id=\"elementor-tab-content-2164\" class=\"elementor-tab-content elementor-clearfix\" data-tab=\"4\" role=\"region\" aria-labelledby=\"elementor-tab-title-2164\"><p>Oui, Vertex est un fabricant de gazon synth\u00e9tique, d\u2019\u00e9quipements sportifs et de structures m\u00e9talliques.<\/p><\/div>\n\t\t\t\t<\/div>\n\t\t\t\t\t\t\t<div class=\"elementor-toggle-item\">\n\t\t\t\t\t<h4 id=\"elementor-tab-title-2165\" class=\"elementor-tab-title\" data-tab=\"5\" role=\"button\" aria-controls=\"elementor-tab-content-2165\" aria-expanded=\"false\">\n\t\t\t\t\t\t\t\t\t\t\t\t<span class=\"elementor-toggle-icon elementor-toggle-icon-right\" aria-hidden=\"true\">\n\t\t\t\t\t\t\t\t\t\t\t\t\t\t\t<span class=\"elementor-toggle-icon-closed\"><i class=\"fas fa-plus\"><\/i><\/span>\n\t\t\t\t\t\t\t\t<span class=\"elementor-toggle-icon-opened\"><i class=\"elementor-toggle-icon-opened fas fa-minus\"><\/i><\/span>\n\t\t\t\t\t\t\t\t\t\t\t\t\t<\/span>\n\t\t\t\t\t\t\t\t\t\t\t\t<a class=\"elementor-toggle-title\" tabindex=\"0\">Quel est votre d\u00e9lai de livraison ?<\/a>\n\t\t\t\t\t<\/h4>\n\n\t\t\t\t\t<div id=\"elementor-tab-content-2165\" class=\"elementor-tab-content elementor-clearfix\" data-tab=\"5\" role=\"region\" aria-labelledby=\"elementor-tab-title-2165\"><p>Produits en stock : exp\u00e9dition le jour m\u00eame. Fabrication sp\u00e9ciale : 7 jours en moyenne.<\/p><\/div>\n\t\t\t\t<\/div>\n\t\t\t\t\t\t\t<div class=\"elementor-toggle-item\">\n\t\t\t\t\t<h4 id=\"elementor-tab-title-2166\" class=\"elementor-tab-title\" data-tab=\"6\" role=\"button\" aria-controls=\"elementor-tab-content-2166\" aria-expanded=\"false\">\n\t\t\t\t\t\t\t\t\t\t\t\t<span class=\"elementor-toggle-icon elementor-toggle-icon-right\" aria-hidden=\"true\">\n\t\t\t\t\t\t\t\t\t\t\t\t\t\t\t<span class=\"elementor-toggle-icon-closed\"><i class=\"fas fa-plus\"><\/i><\/span>\n\t\t\t\t\t\t\t\t<span class=\"elementor-toggle-icon-opened\"><i class=\"elementor-toggle-icon-opened fas fa-minus\"><\/i><\/span>\n\t\t\t\t\t\t\t\t\t\t\t\t\t<\/span>\n\t\t\t\t\t\t\t\t\t\t\t\t<a class=\"elementor-toggle-title\" tabindex=\"0\">Quels produits proposez-vous ?<\/a>\n\t\t\t\t\t<\/h4>\n\n\t\t\t\t\t<div id=\"elementor-tab-content-2166\" class=\"elementor-tab-content elementor-clearfix\" data-tab=\"6\" role=\"region\" aria-labelledby=\"elementor-tab-title-2166\"><p>Gazon synth\u00e9tique, \u00e9quipements sportifs (buts, filets, paniers), rev\u00eatements de sol, cl\u00f4tures et structures m\u00e9talliques.<\/p><\/div>\n\t\t\t\t<\/div>\n\t\t\t\t\t\t\t<div class=\"elementor-toggle-item\">\n\t\t\t\t\t<h4 id=\"elementor-tab-title-2167\" class=\"elementor-tab-title\" data-tab=\"7\" role=\"button\" aria-controls=\"elementor-tab-content-2167\" aria-expanded=\"false\">\n\t\t\t\t\t\t\t\t\t\t\t\t<span class=\"elementor-toggle-icon elementor-toggle-icon-right\" aria-hidden=\"true\">\n\t\t\t\t\t\t\t\t\t\t\t\t\t\t\t<span class=\"elementor-toggle-icon-closed\"><i class=\"fas fa-plus\"><\/i><\/span>\n\t\t\t\t\t\t\t\t<span class=\"elementor-toggle-icon-opened\"><i class=\"elementor-toggle-icon-opened fas fa-minus\"><\/i><\/span>\n\t\t\t\t\t\t\t\t\t\t\t\t\t<\/span>\n\t\t\t\t\t\t\t\t\t\t\t\t<a class=\"elementor-toggle-title\" tabindex=\"0\">R\u00e9alisez-vous des projets en structures m\u00e9talliques ?<\/a>\n\t\t\t\t\t<\/h4>\n\n\t\t\t\t\t<div id=\"elementor-tab-content-2167\" class=\"elementor-tab-content elementor-clearfix\" data-tab=\"7\" role=\"region\" aria-labelledby=\"elementor-tab-title-2167\"><p>Oui, nous construisons des gymnases, entrep\u00f4ts, toitures de tribunes \u2013 projets cl\u00e9s en main.<\/p><\/div>\n\t\t\t\t<\/div>\n\t\t\t\t\t\t\t<div class=\"elementor-toggle-item\">\n\t\t\t\t\t<h4 id=\"elementor-tab-title-2168\" class=\"elementor-tab-title\" data-tab=\"8\" role=\"button\" aria-controls=\"elementor-tab-content-2168\" aria-expanded=\"false\">\n\t\t\t\t\t\t\t\t\t\t\t\t<span class=\"elementor-toggle-icon elementor-toggle-icon-right\" aria-hidden=\"true\">\n\t\t\t\t\t\t\t\t\t\t\t\t\t\t\t<span class=\"elementor-toggle-icon-closed\"><i class=\"fas fa-plus\"><\/i><\/span>\n\t\t\t\t\t\t\t\t<span class=\"elementor-toggle-icon-opened\"><i class=\"elementor-toggle-icon-opened fas fa-minus\"><\/i><\/span>\n\t\t\t\t\t\t\t\t\t\t\t\t\t<\/span>\n\t\t\t\t\t\t\t\t\t\t\t\t<a class=\"elementor-toggle-title\" tabindex=\"0\">Comment votre commande est-elle exp\u00e9di\u00e9e ?<\/a>\n\t\t\t\t\t<\/h4>\n\n\t\t\t\t\t<div id=\"elementor-tab-content-2168\" class=\"elementor-tab-content elementor-clearfix\" data-tab=\"8\" role=\"region\" aria-labelledby=\"elementor-tab-title-2168\"><p>Selon le volume : conteneur, camion ou express. Nous g\u00e9rons la logistique et la douane.<\/p><\/div>\n\t\t\t\t<\/div>\n\t\t\t\t\t\t\t<div class=\"elementor-toggle-item\">\n\t\t\t\t\t<h4 id=\"elementor-tab-title-2169\" class=\"elementor-tab-title\" data-tab=\"9\" role=\"button\" aria-controls=\"elementor-tab-content-2169\" aria-expanded=\"false\">\n\t\t\t\t\t\t\t\t\t\t\t\t<span class=\"elementor-toggle-icon elementor-toggle-icon-right\" aria-hidden=\"true\">\n\t\t\t\t\t\t\t\t\t\t\t\t\t\t\t<span class=\"elementor-toggle-icon-closed\"><i class=\"fas fa-plus\"><\/i><\/span>\n\t\t\t\t\t\t\t\t<span class=\"elementor-toggle-icon-opened\"><i class=\"elementor-toggle-icon-opened fas fa-minus\"><\/i><\/span>\n\t\t\t\t\t\t\t\t\t\t\t\t\t<\/span>\n\t\t\t\t\t\t\t\t\t\t\t\t<a class=\"elementor-toggle-title\" tabindex=\"0\">Pouvez-vous envoyer des \u00e9chantillons ?<\/a>\n\t\t\t\t\t<\/h4>\n\n\t\t\t\t\t<div id=\"elementor-tab-content-2169\" class=\"elementor-tab-content elementor-clearfix\" data-tab=\"9\" role=\"region\" aria-labelledby=\"elementor-tab-title-2169\"><p>Oui. Nous envoyons des \u00e9chantillons de gazon ou rev\u00eatement par DHL ou FedEx.<\/p><\/div>\n\t\t\t\t<\/div>\n\t\t\t\t\t\t\t<div class=\"elementor-toggle-item\">\n\t\t\t\t\t<h4 id=\"elementor-tab-title-21610\" class=\"elementor-tab-title\" data-tab=\"10\" role=\"button\" aria-controls=\"elementor-tab-content-21610\" aria-expanded=\"false\">\n\t\t\t\t\t\t\t\t\t\t\t\t<span class=\"elementor-toggle-icon elementor-toggle-icon-right\" aria-hidden=\"true\">\n\t\t\t\t\t\t\t\t\t\t\t\t\t\t\t<span class=\"elementor-toggle-icon-closed\"><i class=\"fas fa-plus\"><\/i><\/span>\n\t\t\t\t\t\t\t\t<span class=\"elementor-toggle-icon-opened\"><i class=\"elementor-toggle-icon-opened fas fa-minus\"><\/i><\/span>\n\t\t\t\t\t\t\t\t\t\t\t\t\t<\/span>\n\t\t\t\t\t\t\t\t\t\t\t\t<a class=\"elementor-toggle-title\" tabindex=\"0\">Puis-je devenir distributeur ?<\/a>\n\t\t\t\t\t<\/h4>\n\n\t\t\t\t\t<div id=\"elementor-tab-content-21610\" class=\"elementor-tab-content elementor-clearfix\" data-tab=\"10\" role=\"region\" aria-labelledby=\"elementor-tab-title-21610\"><p>Nous proposons la distribution dans certaines r\u00e9gions. Ouverts \u00e0 des partenariats durables.<\/p><\/div>\n\t\t\t\t<\/div>\n\t\t\t\t\t\t\t<div class=\"elementor-toggle-item\">\n\t\t\t\t\t<h4 id=\"elementor-tab-title-21611\" class=\"elementor-tab-title\" data-tab=\"11\" role=\"button\" aria-controls=\"elementor-tab-content-21611\" aria-expanded=\"false\">\n\t\t\t\t\t\t\t\t\t\t\t\t<span class=\"elementor-toggle-icon elementor-toggle-icon-right\" aria-hidden=\"true\">\n\t\t\t\t\t\t\t\t\t\t\t\t\t\t\t<span class=\"elementor-toggle-icon-closed\"><i class=\"fas fa-plus\"><\/i><\/span>\n\t\t\t\t\t\t\t\t<span class=\"elementor-toggle-icon-opened\"><i class=\"elementor-toggle-icon-opened fas fa-minus\"><\/i><\/span>\n\t\t\t\t\t\t\t\t\t\t\t\t\t<\/span>\n\t\t\t\t\t\t\t\t\t\t\t\t<a class=\"elementor-toggle-title\" tabindex=\"0\">Pourquoi Vertex ?<\/a>\n\t\t\t\t\t<\/h4>\n\n\t\t\t\t\t<div id=\"elementor-tab-content-21611\" class=\"elementor-tab-content elementor-clearfix\" data-tab=\"11\" role=\"region\" aria-labelledby=\"elementor-tab-title-21611\"><ul><li>Avantage fabricant : prix directs<\/li><li>Exp\u00e9dition le jour m\u00eame des stocks<\/li><li>Livraison cl\u00e9 en main : gazon, cl\u00f4ture et acier<\/li><li>Experts export avec assistance multilingue<\/li><li>Projets de r\u00e9f\u00e9rence et r\u00e9activit\u00e9<\/li><\/ul><\/div>\n\t\t\t\t<\/div>\n\t\t\t\t\t\t\t\t\t\t<script type=\"application\/ld+json\">{\"@context\":\"https:\\\/\\\/schema.org\",\"@type\":\"FAQPage\",\"mainEntity\":[{\"@type\":\"Question\",\"name\":\"Suni \\u00e7im nas\\u0131l sat\\u0131n al\\u0131n\\u0131r?\",\"acceptedAnswer\":{\"@type\":\"Answer\",\"text\":\"<p>Projenizi tan\\u0131mlay\\u0131n \\u2192 Teklif al\\u0131n \\u2192 Numune isteyin (opsiyonel) \\u2192 Sipari\\u015f \\u2192 \\u00dcretim ve sevkiyat.<\\\/p>\"}},{\"@type\":\"Question\",\"name\":\"Suni \\u00e7im nas\\u0131l monte edilir?\",\"acceptedAnswer\":{\"@type\":\"Answer\",\"text\":\"<p>Zemin haz\\u0131rlan\\u0131r \\u2192 \\u00c7im serilir \\u2192 Derz yap\\u0131\\u015ft\\u0131rma \\u2192 Silis kum ve gran\\u00fcl uygulan\\u0131r. Talep edilirse montaj hizmeti veriyoruz.<\\\/p>\"}},{\"@type\":\"Question\",\"name\":\"Anahtar teslim proje hizmeti veriyor musunuz?\",\"acceptedAnswer\":{\"@type\":\"Answer\",\"text\":\"<p>Evet. Suni \\u00e7imden \\u00e7ite, kaleden ayd\\u0131nlatmaya ve \\u00e7elik yap\\u0131ya kadar tam saha kurulumu yap\\u0131yoruz.<\\\/p>\"}},{\"@type\":\"Question\",\"name\":\"\\u00dcretici misiniz?\",\"acceptedAnswer\":{\"@type\":\"Answer\",\"text\":\"<p>Evet, Vertex suni \\u00e7im, saha ekipmanlar\\u0131 ve \\u00e7elik konstr\\u00fcksiyon \\u00fcreticisidir.<\\\/p>\"}},{\"@type\":\"Question\",\"name\":\"Teslimat s\\u00fcreniz nedir?\",\"acceptedAnswer\":{\"@type\":\"Answer\",\"text\":\"<p>Stok \\u00fcr\\u00fcnlerde ayn\\u0131 g\\u00fcn sevkiyat. \\u00d6zel \\u00fcretimlerde ortalama 7 g\\u00fcn.<\\\/p>\"}},{\"@type\":\"Question\",\"name\":\"Hangi \\u00fcr\\u00fcnleri sunuyorsunuz?\",\"acceptedAnswer\":{\"@type\":\"Answer\",\"text\":\"<p>Suni \\u00e7im, spor ekipmanlar\\u0131 (kale, file, pota), akrilik zemin, \\u00e7it sistemleri ve \\u00e7elik yap\\u0131lar.<\\\/p>\"}},{\"@type\":\"Question\",\"name\":\"\\u00c7elik konstr\\u00fcksiyon projeleri yap\\u0131yor musunuz?\",\"acceptedAnswer\":{\"@type\":\"Answer\",\"text\":\"<p>Evet, \\u00e7elik spor salonlar\\u0131, depo yap\\u0131lar\\u0131, trib\\u00fcn \\u00e7at\\u0131s\\u0131 gibi projeleri anahtar teslim yap\\u0131yoruz.<\\\/p>\"}},{\"@type\":\"Question\",\"name\":\"Sipari\\u015fim nas\\u0131l g\\u00f6nderilir?\",\"acceptedAnswer\":{\"@type\":\"Answer\",\"text\":\"<p>Sipari\\u015fin b\\u00fcy\\u00fckl\\u00fc\\u011f\\u00fcne g\\u00f6re konteyner, kamyon veya ekspres kargo ile. Lojistik ve g\\u00fcmr\\u00fck s\\u00fcre\\u00e7leri taraf\\u0131m\\u0131zdan y\\u00f6netilir.<\\\/p>\"}},{\"@type\":\"Question\",\"name\":\"Numune g\\u00f6nderebilir misiniz?\",\"acceptedAnswer\":{\"@type\":\"Answer\",\"text\":\"<p>Evet. Suni \\u00e7im veya zemin numunelerini DHL veya FedEx ile g\\u00f6nderiyoruz.<\\\/p>\"}},{\"@type\":\"Question\",\"name\":\"Distrib\\u00fct\\u00f6r olabilir miyim?\",\"acceptedAnswer\":{\"@type\":\"Answer\",\"text\":\"<p>Baz\\u0131 b\\u00f6lgelerde distrib\\u00fct\\u00f6rl\\u00fck veriyoruz. Uzun vadeli i\\u015f birli\\u011fine a\\u00e7\\u0131\\u011f\\u0131z.<\\\/p>\"}},{\"@type\":\"Question\",\"name\":\"Neden Vertex?\",\"acceptedAnswer\":{\"@type\":\"Answer\",\"text\":\"<ul><li>\\u00dcretici avantaj\\u0131 \\u2013 do\\u011frudan fiyatland\\u0131rma<\\\/li><li>Stokta ayn\\u0131 g\\u00fcn kargo<\\\/li><li>Anahtar teslim: \\u00c7im + \\u00c7it + \\u00c7elik<\\\/li><li>\\u00c7ok dilli destek sunan ihracat uzmanlar\\u0131<\\\/li><li>Referans projeler ve h\\u0131zl\\u0131 yan\\u0131t<\\\/li><\\\/ul>\"}}]}<\/script>\n\t\t\t\t\t<\/div>\n\t\t\t\t\t\t<\/div>\n\t\t\t\t<\/div>\n\t\t\t\t\t<\/div>\n\t\t<\/div>\n\t\t\t\t\t<\/div>\n\t\t<\/section>\n\t\t\t\t<section class=\"elementor-section elementor-top-section elementor-element elementor-element-6145de4 elementor-section-boxed elementor-section-height-default elementor-section-height-default sc_fly_static\" data-id=\"6145de4\" data-element_type=\"section\">\n\t\t\t\t\t\t<div class=\"elementor-container elementor-column-gap-extended\">\n\t\t\t\t\t<div class=\"elementor-column elementor-col-100 elementor-top-column elementor-element elementor-element-89877d5 sc_content_align_inherit sc_layouts_column_icons_position_left sc_fly_static\" data-id=\"89877d5\" data-element_type=\"column\">\n\t\t\t<div class=\"elementor-widget-wrap elementor-element-populated\">\n\t\t\t\t\t\t<div class=\"elementor-element elementor-element-b9c2d41 sc_height_large sc_fly_static elementor-widget elementor-widget-spacer\" data-id=\"b9c2d41\" data-element_type=\"widget\" data-widget_type=\"spacer.default\">\n\t\t\t\t<div class=\"elementor-widget-container\">\n\t\t\t\t\t\t\t<div class=\"elementor-spacer\">\n\t\t\t<div class=\"elementor-spacer-inner\"><\/div>\n\t\t<\/div>\n\t\t\t\t\t\t<\/div>\n\t\t\t\t<\/div>\n\t\t\t\t\t<\/div>\n\t\t<\/div>\n\t\t\t\t\t<\/div>\n\t\t<\/section>\n\t\t\t\t<\/div>","protected":false},"excerpt":{"rendered":"<p>Suni \u00e7im nas\u0131l sat\u0131n al\u0131n\u0131r? Projenizi tan\u0131mlay\u0131n \u2192 Teklif al\u0131n \u2192 Numune isteyin (opsiyonel) \u2192 Sipari\u015f \u2192 \u00dcretim ve sevkiyat. Suni \u00e7im nas\u0131l monte edilir? Zemin haz\u0131rlan\u0131r \u2192 \u00c7im serilir&hellip;<\/p>","protected":false},"author":1,"featured_media":0,"parent":0,"menu_order":0,"comment_status":"closed","ping_status":"closed","template":"","meta":{"footnotes":""},"class_list":["post-18128","page","type-page","status-publish","hentry"],"yoast_head":"<!-- This site is optimized with the Yoast SEO plugin v25.4 - https:\/\/yoast.com\/wordpress\/plugins\/seo\/ -->\n<title>FAQs - Vertex Group<\/title>\n<meta name=\"robots\" content=\"index, follow, max-snippet:-1, max-image-preview:large, max-video-preview:-1\" \/>\n<link rel=\"canonical\" href=\"https:\/\/vertexgroup.com.tr\/fr\/faqs\/\" \/>\n<meta property=\"og:locale\" content=\"fr_FR\" \/>\n<meta property=\"og:type\" content=\"article\" \/>\n<meta property=\"og:title\" content=\"FAQs - Vertex Group\" \/>\n<meta property=\"og:description\" content=\"Suni \u00e7im nas\u0131l sat\u0131n al\u0131n\u0131r? Projenizi tan\u0131mlay\u0131n \u2192 Teklif al\u0131n \u2192 Numune isteyin (opsiyonel) \u2192 Sipari\u015f \u2192 \u00dcretim ve sevkiyat. Suni \u00e7im nas\u0131l monte edilir? Zemin haz\u0131rlan\u0131r \u2192 \u00c7im serilir&hellip;\" \/>\n<meta property=\"og:url\" content=\"https:\/\/vertexgroup.com.tr\/fr\/faqs\/\" \/>\n<meta property=\"og:site_name\" content=\"Vertex Group\" \/>\n<meta property=\"article:modified_time\" content=\"2025-07-10T20:14:07+00:00\" \/>\n<meta name=\"twitter:card\" content=\"summary_large_image\" \/>\n<meta name=\"twitter:label1\" content=\"Dur\u00e9e de lecture estim\u00e9e\" \/>\n\t<meta name=\"twitter:data1\" content=\"1 minute\" \/>\n<script type=\"application\/ld+json\" class=\"yoast-schema-graph\">{\"@context\":\"https:\/\/schema.org\",\"@graph\":[{\"@type\":\"WebPage\",\"@id\":\"https:\/\/vertexgroup.com.tr\/faqs\/\",\"url\":\"https:\/\/vertexgroup.com.tr\/faqs\/\",\"name\":\"FAQs - Vertex Group\",\"isPartOf\":{\"@id\":\"https:\/\/vertexgroup.com.tr\/#website\"},\"datePublished\":\"2023-06-20T14:27:07+00:00\",\"dateModified\":\"2025-07-10T20:14:07+00:00\",\"breadcrumb\":{\"@id\":\"https:\/\/vertexgroup.com.tr\/faqs\/#breadcrumb\"},\"inLanguage\":\"fr-FR\",\"potentialAction\":[{\"@type\":\"ReadAction\",\"target\":[\"https:\/\/vertexgroup.com.tr\/faqs\/\"]}]},{\"@type\":\"BreadcrumbList\",\"@id\":\"https:\/\/vertexgroup.com.tr\/faqs\/#breadcrumb\",\"itemListElement\":[{\"@type\":\"ListItem\",\"position\":1,\"name\":\"Anasayfa\",\"item\":\"https:\/\/vertexgroup.com.tr\/\"},{\"@type\":\"ListItem\",\"position\":2,\"name\":\"FAQs\"}]},{\"@type\":\"WebSite\",\"@id\":\"https:\/\/vertexgroup.com.tr\/#website\",\"url\":\"https:\/\/vertexgroup.com.tr\/\",\"name\":\"Vertex Group\",\"description\":\"Sporun Gelece\u011fini \u0130n\u015fa Ediyoruz\",\"publisher\":{\"@id\":\"https:\/\/vertexgroup.com.tr\/#organization\"},\"potentialAction\":[{\"@type\":\"SearchAction\",\"target\":{\"@type\":\"EntryPoint\",\"urlTemplate\":\"https:\/\/vertexgroup.com.tr\/?s={search_term_string}\"},\"query-input\":{\"@type\":\"PropertyValueSpecification\",\"valueRequired\":true,\"valueName\":\"search_term_string\"}}],\"inLanguage\":\"fr-FR\"},{\"@type\":\"Organization\",\"@id\":\"https:\/\/vertexgroup.com.tr\/#organization\",\"name\":\"Vertex Group\",\"url\":\"https:\/\/vertexgroup.com.tr\/\",\"logo\":{\"@type\":\"ImageObject\",\"inLanguage\":\"fr-FR\",\"@id\":\"https:\/\/vertexgroup.com.tr\/#\/schema\/logo\/image\/\",\"url\":\"https:\/\/vertexgroup.com.tr\/wp-content\/uploads\/2023\/06\/Vertex-logo-1.png\",\"contentUrl\":\"https:\/\/vertexgroup.com.tr\/wp-content\/uploads\/2023\/06\/Vertex-logo-1.png\",\"width\":727,\"height\":270,\"caption\":\"Vertex Group\"},\"image\":{\"@id\":\"https:\/\/vertexgroup.com.tr\/#\/schema\/logo\/image\/\"}}]}<\/script>\n<!-- \/ Yoast SEO plugin. -->","yoast_head_json":{"title":"FAQs - Vertex Group","robots":{"index":"index","follow":"follow","max-snippet":"max-snippet:-1","max-image-preview":"max-image-preview:large","max-video-preview":"max-video-preview:-1"},"canonical":"https:\/\/vertexgroup.com.tr\/fr\/faqs\/","og_locale":"fr_FR","og_type":"article","og_title":"FAQs - Vertex Group","og_description":"Suni \u00e7im nas\u0131l sat\u0131n al\u0131n\u0131r? Projenizi tan\u0131mlay\u0131n \u2192 Teklif al\u0131n \u2192 Numune isteyin (opsiyonel) \u2192 Sipari\u015f \u2192 \u00dcretim ve sevkiyat. Suni \u00e7im nas\u0131l monte edilir? Zemin haz\u0131rlan\u0131r \u2192 \u00c7im serilir&hellip;","og_url":"https:\/\/vertexgroup.com.tr\/fr\/faqs\/","og_site_name":"Vertex Group","article_modified_time":"2025-07-10T20:14:07+00:00","twitter_card":"summary_large_image","twitter_misc":{"Dur\u00e9e de lecture estim\u00e9e":"1 minute"},"schema":{"@context":"https:\/\/schema.org","@graph":[{"@type":"WebPage","@id":"https:\/\/vertexgroup.com.tr\/faqs\/","url":"https:\/\/vertexgroup.com.tr\/faqs\/","name":"FAQs - Vertex Group","isPartOf":{"@id":"https:\/\/vertexgroup.com.tr\/#website"},"datePublished":"2023-06-20T14:27:07+00:00","dateModified":"2025-07-10T20:14:07+00:00","breadcrumb":{"@id":"https:\/\/vertexgroup.com.tr\/faqs\/#breadcrumb"},"inLanguage":"fr-FR","potentialAction":[{"@type":"ReadAction","target":["https:\/\/vertexgroup.com.tr\/faqs\/"]}]},{"@type":"BreadcrumbList","@id":"https:\/\/vertexgroup.com.tr\/faqs\/#breadcrumb","itemListElement":[{"@type":"ListItem","position":1,"name":"Anasayfa","item":"https:\/\/vertexgroup.com.tr\/"},{"@type":"ListItem","position":2,"name":"FAQs"}]},{"@type":"WebSite","@id":"https:\/\/vertexgroup.com.tr\/#website","url":"https:\/\/vertexgroup.com.tr\/","name":"Vertex Group","description":"Sporun Gelece\u011fini \u0130n\u015fa Ediyoruz","publisher":{"@id":"https:\/\/vertexgroup.com.tr\/#organization"},"potentialAction":[{"@type":"SearchAction","target":{"@type":"EntryPoint","urlTemplate":"https:\/\/vertexgroup.com.tr\/?s={search_term_string}"},"query-input":{"@type":"PropertyValueSpecification","valueRequired":true,"valueName":"search_term_string"}}],"inLanguage":"fr-FR"},{"@type":"Organization","@id":"https:\/\/vertexgroup.com.tr\/#organization","name":"Vertex Group","url":"https:\/\/vertexgroup.com.tr\/","logo":{"@type":"ImageObject","inLanguage":"fr-FR","@id":"https:\/\/vertexgroup.com.tr\/#\/schema\/logo\/image\/","url":"https:\/\/vertexgroup.com.tr\/wp-content\/uploads\/2023\/06\/Vertex-logo-1.png","contentUrl":"https:\/\/vertexgroup.com.tr\/wp-content\/uploads\/2023\/06\/Vertex-logo-1.png","width":727,"height":270,"caption":"Vertex Group"},"image":{"@id":"https:\/\/vertexgroup.com.tr\/#\/schema\/logo\/image\/"}}]}},"_links":{"self":[{"href":"https:\/\/vertexgroup.com.tr\/fr\/wp-json\/wp\/v2\/pages\/18128","targetHints":{"allow":["GET"]}}],"collection":[{"href":"https:\/\/vertexgroup.com.tr\/fr\/wp-json\/wp\/v2\/pages"}],"about":[{"href":"https:\/\/vertexgroup.com.tr\/fr\/wp-json\/wp\/v2\/types\/page"}],"author":[{"embeddable":true,"href":"https:\/\/vertexgroup.com.tr\/fr\/wp-json\/wp\/v2\/users\/1"}],"replies":[{"embeddable":true,"href":"https:\/\/vertexgroup.com.tr\/fr\/wp-json\/wp\/v2\/comments?post=18128"}],"version-history":[{"count":12,"href":"https:\/\/vertexgroup.com.tr\/fr\/wp-json\/wp\/v2\/pages\/18128\/revisions"}],"predecessor-version":[{"id":43022,"href":"https:\/\/vertexgroup.com.tr\/fr\/wp-json\/wp\/v2\/pages\/18128\/revisions\/43022"}],"wp:attachment":[{"href":"https:\/\/vertexgroup.com.tr\/fr\/wp-json\/wp\/v2\/media?parent=18128"}],"curies":[{"name":"wp","href":"https:\/\/api.w.org\/{rel}","templated":true}]}}