{"id":18122,"date":"2023-06-20T14:26:04","date_gmt":"2023-06-20T14:26:04","guid":{"rendered":"https:\/\/vertexgroup.com.tr\/?page_id=18122"},"modified":"2025-07-08T19:28:20","modified_gmt":"2025-07-08T19:28:20","slug":"hakkimizda","status":"publish","type":"page","link":"https:\/\/vertexgroup.com.tr\/fr\/hakkimizda\/","title":{"rendered":"\u00c0 Propos"},"content":{"rendered":"<div data-elementor-type=\"wp-page\" data-elementor-id=\"18122\" class=\"elementor elementor-18122\">\n\t\t\t\t\t\t<section class=\"elementor-section elementor-top-section elementor-element elementor-element-9c99291 elementor-section-boxed elementor-section-height-default elementor-section-height-default sc_fly_static\" data-id=\"9c99291\" data-element_type=\"section\">\n\t\t\t\t\t\t<div class=\"elementor-container elementor-column-gap-extended\">\n\t\t\t\t\t<div class=\"elementor-column elementor-col-100 elementor-top-column elementor-element elementor-element-25e7266 sc_content_align_inherit sc_layouts_column_icons_position_left sc_fly_static\" data-id=\"25e7266\" data-element_type=\"column\">\n\t\t\t<div class=\"elementor-widget-wrap elementor-element-populated\">\n\t\t\t\t\t\t<div class=\"elementor-element elementor-element-47e8fc5 sc_height_huge sc_fly_static elementor-widget elementor-widget-spacer\" data-id=\"47e8fc5\" data-element_type=\"widget\" data-widget_type=\"spacer.default\">\n\t\t\t\t<div class=\"elementor-widget-container\">\n\t\t\t\t\t\t\t<div class=\"elementor-spacer\">\n\t\t\t<div class=\"elementor-spacer-inner\"><\/div>\n\t\t<\/div>\n\t\t\t\t\t\t<\/div>\n\t\t\t\t<\/div>\n\t\t\t\t\t<\/div>\n\t\t<\/div>\n\t\t\t\t\t<\/div>\n\t\t<\/section>\n\t\t\t\t<section class=\"elementor-section elementor-top-section elementor-element elementor-element-bba00d5 elementor-section-content-middle elementor-section-boxed elementor-section-height-default elementor-section-height-default sc_fly_static\" data-id=\"bba00d5\" data-element_type=\"section\">\n\t\t\t\t\t\t<div class=\"elementor-container elementor-column-gap-extended\">\n\t\t\t\t\t<div class=\"elementor-column elementor-col-50 elementor-top-column elementor-element elementor-element-6adafcc sc_content_align_inherit sc_layouts_column_icons_position_left sc_fly_static\" data-id=\"6adafcc\" data-element_type=\"column\">\n\t\t\t<div class=\"elementor-widget-wrap elementor-element-populated\">\n\t\t\t\t\t\t<div class=\"elementor-element elementor-element-9536add sc_fly_static elementor-widget elementor-widget-image\" data-id=\"9536add\" data-element_type=\"widget\" data-widget_type=\"image.default\">\n\t\t\t\t<div class=\"elementor-widget-container\">\n\t\t\t\t\t\t\t\t\t\t\t\t\t\t\t<img fetchpriority=\"high\" decoding=\"async\" width=\"1024\" height=\"683\" src=\"https:\/\/vertexgroup.com.tr\/wp-content\/uploads\/2025\/07\/vertexgroup-hak-2-1024x683.jpg\" class=\"attachment-large size-large wp-image-42855\" alt=\"\" srcset=\"https:\/\/vertexgroup.com.tr\/wp-content\/uploads\/2025\/07\/vertexgroup-hak-2-1024x683.jpg 1024w, https:\/\/vertexgroup.com.tr\/wp-content\/uploads\/2025\/07\/vertexgroup-hak-2-300x200.jpg 300w, https:\/\/vertexgroup.com.tr\/wp-content\/uploads\/2025\/07\/vertexgroup-hak-2-768x513.jpg 768w, https:\/\/vertexgroup.com.tr\/wp-content\/uploads\/2025\/07\/vertexgroup-hak-2-16x12.jpg 16w, https:\/\/vertexgroup.com.tr\/wp-content\/uploads\/2025\/07\/vertexgroup-hak-2-370x247.jpg 370w, https:\/\/vertexgroup.com.tr\/wp-content\/uploads\/2025\/07\/vertexgroup-hak-2-840x561.jpg 840w, https:\/\/vertexgroup.com.tr\/wp-content\/uploads\/2025\/07\/vertexgroup-hak-2-410x274.jpg 410w, https:\/\/vertexgroup.com.tr\/wp-content\/uploads\/2025\/07\/vertexgroup-hak-2.jpg 1500w\" sizes=\"(max-width: 1024px) 100vw, 1024px\" \/>\t\t\t\t\t\t\t\t\t\t\t\t\t\t\t<\/div>\n\t\t\t\t<\/div>\n\t\t\t\t\t<\/div>\n\t\t<\/div>\n\t\t\t\t<div class=\"elementor-column elementor-col-50 elementor-top-column elementor-element elementor-element-b34edca sc_content_align_inherit sc_layouts_column_icons_position_left sc_fly_static\" data-id=\"b34edca\" data-element_type=\"column\">\n\t\t\t<div class=\"elementor-widget-wrap elementor-element-populated\">\n\t\t\t\t\t\t<div class=\"elementor-element elementor-element-7d27c87 sc_fly_static elementor-widget elementor-widget-trx_sc_title\" data-id=\"7d27c87\" data-element_type=\"widget\" data-widget_type=\"trx_sc_title.default\">\n\t\t\t\t<div class=\"elementor-widget-container\">\n\t\t\t\t\t<div\t\tclass=\"sc_title sc_title_default\" ><span class=\"sc_item_subtitle sc_title_subtitle sc_item_subtitle_above sc_item_title_style_default\">Vertex Group<\/span><h1 class=\"sc_item_title sc_title_title sc_item_title_style_default sc_item_title_tag\"\n\t\t\t><span class=\"sc_item_title_text\">\u00c0 Propos<\/span><\/h1><div class=\"sc_item_descr sc_title_descr\"><p>Vertex Group est un fabricant et exportateur international sp\u00e9cialis\u00e9 dans le gazon synth\u00e9tique, la construction d\u2019installations sportives et les structures en acier. Bas\u00e9e \u00e0 Istanbul, notre entreprise fournit des solutions durables et innovantes dans plus de 40 pays \u00e0 travers le monde.<\/p>\n<p>Nous r\u00e9alisons des projets cl\u00e9s en main tels que des terrains de football, des complexes multisports, des espaces verts, ainsi que des constructions m\u00e9talliques robustes et modernes pour divers usages.<\/p>\n<p>Alliant technologie de pointe, expertise sur mesure et prix comp\u00e9titifs, Vertex Group est un partenaire de confiance dans les domaines du sport, du paysage et de la construction.<\/p>\n<\/div><\/div>\t\t\t\t<\/div>\n\t\t\t\t<\/div>\n\t\t\t\t<div class=\"elementor-element elementor-element-d04a3a3 sc_fly_static elementor-widget elementor-widget-spacer\" data-id=\"d04a3a3\" data-element_type=\"widget\" data-widget_type=\"spacer.default\">\n\t\t\t\t<div class=\"elementor-widget-container\">\n\t\t\t\t\t\t\t<div class=\"elementor-spacer\">\n\t\t\t<div class=\"elementor-spacer-inner\"><\/div>\n\t\t<\/div>\n\t\t\t\t\t\t<\/div>\n\t\t\t\t<\/div>\n\t\t\t\t<div class=\"elementor-element elementor-element-1bc809c sc_fly_static elementor-widget elementor-widget-trx_sc_button\" data-id=\"1bc809c\" data-element_type=\"widget\" data-widget_type=\"trx_sc_button.default\">\n\t\t\t\t<div class=\"elementor-widget-container\">\n\t\t\t\t\t<div\tclass=\"sc_item_button sc_button_wrap\" ><a href=\"https:\/\/vertexgroup.com.tr\/fr\/iletisim\/\" class=\"sc_button sc_button_default sc_button_size_normal sc_button_icon_left\" ><span class=\"sc_button_text\"><span class=\"sc_button_title\">Obtenir un Devis!<\/span><\/span><\/a><\/div>\t\t\t\t<\/div>\n\t\t\t\t<\/div>\n\t\t\t\t<div class=\"elementor-element elementor-element-1186656 sc_height_huge sc_layouts_hide_on_wide sc_layouts_hide_on_desktop sc_layouts_hide_on_notebook sc_layouts_hide_on_tablet sc_fly_static elementor-widget elementor-widget-spacer\" data-id=\"1186656\" data-element_type=\"widget\" data-widget_type=\"spacer.default\">\n\t\t\t\t<div class=\"elementor-widget-container\">\n\t\t\t\t\t\t\t<div class=\"elementor-spacer\">\n\t\t\t<div class=\"elementor-spacer-inner\"><\/div>\n\t\t<\/div>\n\t\t\t\t\t\t<\/div>\n\t\t\t\t<\/div>\n\t\t\t\t\t<\/div>\n\t\t<\/div>\n\t\t\t\t\t<\/div>\n\t\t<\/section>\n\t\t\t\t<section class=\"elementor-section elementor-top-section elementor-element elementor-element-5d087c9 elementor-section-boxed elementor-section-height-default elementor-section-height-default sc_fly_static\" data-id=\"5d087c9\" data-element_type=\"section\" data-settings=\"{&quot;background_background&quot;:&quot;classic&quot;}\">\n\t\t\t\t\t\t<div class=\"elementor-container elementor-column-gap-extended\">\n\t\t\t\t\t<div class=\"elementor-column elementor-col-100 elementor-top-column elementor-element elementor-element-f27a6dc sc_layouts_column_align_center sc_layouts_column sc_content_align_inherit sc_layouts_column_icons_position_left sc_fly_static\" data-id=\"f27a6dc\" data-element_type=\"column\">\n\t\t\t<div class=\"elementor-widget-wrap elementor-element-populated\">\n\t\t\t\t\t\t<div class=\"elementor-element elementor-element-996eb66 sc_height_huge sc_fly_static elementor-widget elementor-widget-spacer\" data-id=\"996eb66\" data-element_type=\"widget\" data-widget_type=\"spacer.default\">\n\t\t\t\t<div class=\"elementor-widget-container\">\n\t\t\t\t\t\t\t<div class=\"elementor-spacer\">\n\t\t\t<div class=\"elementor-spacer-inner\"><\/div>\n\t\t<\/div>\n\t\t\t\t\t\t<\/div>\n\t\t\t\t<\/div>\n\t\t\t\t<div class=\"elementor-element elementor-element-5d0d366 elementor-widget__width-initial sc_fly_static elementor-widget elementor-widget-trx_sc_title\" data-id=\"5d0d366\" data-element_type=\"widget\" data-widget_type=\"trx_sc_title.default\">\n\t\t\t\t<div class=\"elementor-widget-container\">\n\t\t\t\t\t<div\t\tclass=\"sc_title sc_title_default\" ><h2 class=\"sc_item_title sc_title_title sc_align_center sc_item_title_style_default sc_item_title_tag\"\n\t\t\t><span class=\"sc_item_title_text\">Nos Produits<\/span><\/h2><div class=\"sc_item_descr sc_title_descr sc_align_center\"><p>Vertex Group est une soci\u00e9t\u00e9 exportatrice et fabricante puissante sur la sc\u00e8ne internationale, op\u00e9rant dans les domaines de la production de gazon artificiel, de l'installation d'installations sportives et de la construction en acier.<\/p>\n<\/div><\/div>\t\t\t\t<\/div>\n\t\t\t\t<\/div>\n\t\t\t\t<div class=\"elementor-element elementor-element-0b21a59 sc_fly_static elementor-widget elementor-widget-spacer\" data-id=\"0b21a59\" data-element_type=\"widget\" data-widget_type=\"spacer.default\">\n\t\t\t\t<div class=\"elementor-widget-container\">\n\t\t\t\t\t\t\t<div class=\"elementor-spacer\">\n\t\t\t<div class=\"elementor-spacer-inner\"><\/div>\n\t\t<\/div>\n\t\t\t\t\t\t<\/div>\n\t\t\t\t<\/div>\n\t\t\t\t<div class=\"elementor-element elementor-element-5680ea0 elementor-view-default sc_fly_static elementor-widget elementor-widget-icon\" data-id=\"5680ea0\" data-element_type=\"widget\" data-widget_type=\"icon.default\">\n\t\t\t\t<div class=\"elementor-widget-container\">\n\t\t\t\t\t\t\t<div class=\"elementor-icon-wrapper\">\n\t\t\t<div class=\"elementor-icon\">\n\t\t\t<svg xmlns=\"http:\/\/www.w3.org\/2000\/svg\" width=\"38\" height=\"16\" viewbox=\"0 0 38 16\"><text transform=\"translate(0 16) rotate(-90)\" fill=\"#2f3031\" font-size=\"29\" font-family=\"PlayfairDisplay-Regular, Playfair Display\"><tspan x=\"0.721\" y=\"31\">\u00ab<\/tspan><\/text><\/svg>\t\t\t<\/div>\n\t\t<\/div>\n\t\t\t\t\t\t<\/div>\n\t\t\t\t<\/div>\n\t\t\t\t<div class=\"elementor-element elementor-element-a6e6bff sc_height_medium sc_fly_static elementor-widget elementor-widget-spacer\" data-id=\"a6e6bff\" data-element_type=\"widget\" data-widget_type=\"spacer.default\">\n\t\t\t\t<div class=\"elementor-widget-container\">\n\t\t\t\t\t\t\t<div class=\"elementor-spacer\">\n\t\t\t<div class=\"elementor-spacer-inner\"><\/div>\n\t\t<\/div>\n\t\t\t\t\t\t<\/div>\n\t\t\t\t<\/div>\n\t\t\t\t<div class=\"elementor-element elementor-element-73268d0 sc_fly_static elementor-widget elementor-widget-trx_sc_services\" data-id=\"73268d0\" data-element_type=\"widget\" data-widget_type=\"trx_sc_services.default\">\n\t\t\t\t<div class=\"elementor-widget-container\">\n\t\t\t\t\t<div class=\"sc_services sc_services_creative sc_services_featured_top\"><div class=\"sc_services_columns_wrap sc_item_columns sc_item_posts_container sc_item_columns_3 trx_addons_columns_wrap columns_padding_bottom columns_in_single_row\"><div class=\"trx_addons_column-1_3 trx_addons_column-1_1-mobile\"><div data-post-id=\"35553\" class=\"sc_services_item sc_item_container post_container tilt_action without_content with_image with_number post-35553 cpt_services type-cpt_services status-publish has-post-thumbnail hentry cpt_services_group-health\">\n\t\t<div class=\"sc_services_item_content\" style=\"background-image: url(https:\/\/vertexgroup.com.tr\/wp-content\/uploads\/2023\/06\/1-30-40-50-mm-garden-eco-840x560.jpg);\">\n\t\t\t\t<div class=\"sc_services_item_content_inner\">\n                        <div class=\"sc_services_item_content_inner_top\"><span class=\"sc_services_item_number\">01.<\/span><\/div><div class=\"sc_services_item_content_inner_bottom\"><h6 class=\"sc_services_item_title\"><a href=\"https:\/\/vertexgroup.com.tr\/fr\/services\/30-40-50-mm-garden-eco\/\">30\/40\/50 MM Garden ECO<\/a><\/h6>\n                <\/div><\/div><a class=\"sc_services_item_link\" href=\"https:\/\/vertexgroup.com.tr\/fr\/services\/30-40-50-mm-garden-eco\/\"><\/a><\/div><\/div><\/div><div class=\"trx_addons_column-1_3 trx_addons_column-1_1-mobile\"><div data-post-id=\"35555\" class=\"sc_services_item sc_item_container post_container tilt_action without_content with_image with_number post-35555 cpt_services type-cpt_services status-publish has-post-thumbnail hentry cpt_services_group-health\">\n\t\t<div class=\"sc_services_item_content\" style=\"background-image: url(https:\/\/vertexgroup.com.tr\/wp-content\/uploads\/2023\/06\/2-40-50-60-mm-double-flament-840x560.jpg);\">\n\t\t\t\t<div class=\"sc_services_item_content_inner\">\n                        <div class=\"sc_services_item_content_inner_top\"><span class=\"sc_services_item_number\">02.<\/span><\/div><div class=\"sc_services_item_content_inner_bottom\"><h6 class=\"sc_services_item_title\"><a href=\"https:\/\/vertexgroup.com.tr\/fr\/services\/40-50-60-mm-double-flament\/\">40\/50\/60 MM Double Flament<\/a><\/h6>\n                <\/div><\/div><a class=\"sc_services_item_link\" href=\"https:\/\/vertexgroup.com.tr\/fr\/services\/40-50-60-mm-double-flament\/\"><\/a><\/div><\/div><\/div><div class=\"trx_addons_column-1_3 trx_addons_column-1_1-mobile\"><div data-post-id=\"35556\" class=\"sc_services_item sc_item_container post_container tilt_action without_content with_image with_number post-35556 cpt_services type-cpt_services status-publish has-post-thumbnail hentry cpt_services_group-health\">\n\t\t<div class=\"sc_services_item_content\" style=\"background-image: url(https:\/\/vertexgroup.com.tr\/wp-content\/uploads\/2023\/06\/3-anahtar-teslim-celik-konstruksiyon-sistemleri-840x560.jpg);\">\n\t\t\t\t<div class=\"sc_services_item_content_inner\">\n                        <div class=\"sc_services_item_content_inner_top\"><span class=\"sc_services_item_number\">03.<\/span><\/div><div class=\"sc_services_item_content_inner_bottom\"><h6 class=\"sc_services_item_title\"><a href=\"https:\/\/vertexgroup.com.tr\/fr\/services\/anahtar-teslim-celik-konstruksiyon-sistemleri\/\">Syst\u00e8mes de Construction M\u00e9tallique Cl\u00e9 en Main<\/a><\/h6>\n                <\/div><\/div><a class=\"sc_services_item_link\" href=\"https:\/\/vertexgroup.com.tr\/fr\/services\/anahtar-teslim-celik-konstruksiyon-sistemleri\/\"><\/a><\/div><\/div><\/div><\/div><\/div>\t\t\t\t<\/div>\n\t\t\t\t<\/div>\n\t\t\t\t<div class=\"elementor-element elementor-element-bd6bf4d sc_height_huge sc_fly_static elementor-widget elementor-widget-spacer\" data-id=\"bd6bf4d\" data-element_type=\"widget\" data-widget_type=\"spacer.default\">\n\t\t\t\t<div class=\"elementor-widget-container\">\n\t\t\t\t\t\t\t<div class=\"elementor-spacer\">\n\t\t\t<div class=\"elementor-spacer-inner\"><\/div>\n\t\t<\/div>\n\t\t\t\t\t\t<\/div>\n\t\t\t\t<\/div>\n\t\t\t\t\t<\/div>\n\t\t<\/div>\n\t\t\t\t\t<\/div>\n\t\t<\/section>\n\t\t\t\t<\/div>","protected":false},"excerpt":{"rendered":"<p>Vertex Group Hakk\u0131m\u0131zda Vertex Group, suni \u00e7im \u00fcretimi, spor tesisleri kurulumu ve \u00e7elik konstr\u00fcksiyon alanlar\u0131nda faaliyet g\u00f6steren, uluslararas\u0131 arenada g\u00fc\u00e7l\u00fc bir ihracat\u00e7\u0131 ve \u00fcretici firmad\u0131r. \u0130stanbul merkezli \u015firketimiz, 40\u2019tan fazla&hellip;<\/p>","protected":false},"author":1,"featured_media":0,"parent":0,"menu_order":0,"comment_status":"closed","ping_status":"closed","template":"","meta":{"footnotes":""},"class_list":["post-18122","page","type-page","status-publish","hentry"],"yoast_head":"<!-- This site is optimized with the Yoast SEO plugin v25.4 - https:\/\/yoast.com\/wordpress\/plugins\/seo\/ -->\n<title>Hakk\u0131m\u0131zda - Vertex Group<\/title>\n<meta name=\"robots\" content=\"index, follow, max-snippet:-1, max-image-preview:large, max-video-preview:-1\" \/>\n<link rel=\"canonical\" href=\"https:\/\/vertexgroup.com.tr\/fr\/hakkimizda\/\" \/>\n<meta property=\"og:locale\" content=\"fr_FR\" \/>\n<meta property=\"og:type\" content=\"article\" \/>\n<meta property=\"og:title\" content=\"Hakk\u0131m\u0131zda - Vertex Group\" \/>\n<meta property=\"og:description\" content=\"Vertex Group Hakk\u0131m\u0131zda Vertex Group, suni \u00e7im \u00fcretimi, spor tesisleri kurulumu ve \u00e7elik konstr\u00fcksiyon alanlar\u0131nda faaliyet g\u00f6steren, uluslararas\u0131 arenada g\u00fc\u00e7l\u00fc bir ihracat\u00e7\u0131 ve \u00fcretici firmad\u0131r. \u0130stanbul merkezli \u015firketimiz, 40\u2019tan fazla&hellip;\" \/>\n<meta property=\"og:url\" content=\"https:\/\/vertexgroup.com.tr\/fr\/hakkimizda\/\" \/>\n<meta property=\"og:site_name\" content=\"Vertex Group\" \/>\n<meta property=\"article:modified_time\" content=\"2025-07-08T19:28:20+00:00\" \/>\n<meta property=\"og:image\" content=\"https:\/\/vertexgroup.com.tr\/wp-content\/uploads\/2025\/07\/vertexgroup-hak-2.jpg\" \/>\n\t<meta property=\"og:image:width\" content=\"1500\" \/>\n\t<meta property=\"og:image:height\" content=\"1001\" \/>\n\t<meta property=\"og:image:type\" content=\"image\/jpeg\" \/>\n<meta name=\"twitter:card\" content=\"summary_large_image\" \/>\n<meta name=\"twitter:label1\" content=\"Dur\u00e9e de lecture estim\u00e9e\" \/>\n\t<meta name=\"twitter:data1\" content=\"1 minute\" \/>\n<script type=\"application\/ld+json\" class=\"yoast-schema-graph\">{\"@context\":\"https:\/\/schema.org\",\"@graph\":[{\"@type\":\"WebPage\",\"@id\":\"https:\/\/vertexgroup.com.tr\/hakkimizda\/\",\"url\":\"https:\/\/vertexgroup.com.tr\/hakkimizda\/\",\"name\":\"Hakk\u0131m\u0131zda - Vertex Group\",\"isPartOf\":{\"@id\":\"https:\/\/vertexgroup.com.tr\/#website\"},\"primaryImageOfPage\":{\"@id\":\"https:\/\/vertexgroup.com.tr\/hakkimizda\/#primaryimage\"},\"image\":{\"@id\":\"https:\/\/vertexgroup.com.tr\/hakkimizda\/#primaryimage\"},\"thumbnailUrl\":\"https:\/\/vertexgroup.com.tr\/wp-content\/uploads\/2025\/07\/vertexgroup-hak-2-1024x683.jpg\",\"datePublished\":\"2023-06-20T14:26:04+00:00\",\"dateModified\":\"2025-07-08T19:28:20+00:00\",\"breadcrumb\":{\"@id\":\"https:\/\/vertexgroup.com.tr\/hakkimizda\/#breadcrumb\"},\"inLanguage\":\"fr-FR\",\"potentialAction\":[{\"@type\":\"ReadAction\",\"target\":[\"https:\/\/vertexgroup.com.tr\/hakkimizda\/\"]}]},{\"@type\":\"ImageObject\",\"inLanguage\":\"fr-FR\",\"@id\":\"https:\/\/vertexgroup.com.tr\/hakkimizda\/#primaryimage\",\"url\":\"https:\/\/vertexgroup.com.tr\/wp-content\/uploads\/2025\/07\/vertexgroup-hak-2-1024x683.jpg\",\"contentUrl\":\"https:\/\/vertexgroup.com.tr\/wp-content\/uploads\/2025\/07\/vertexgroup-hak-2-1024x683.jpg\"},{\"@type\":\"BreadcrumbList\",\"@id\":\"https:\/\/vertexgroup.com.tr\/hakkimizda\/#breadcrumb\",\"itemListElement\":[{\"@type\":\"ListItem\",\"position\":1,\"name\":\"Anasayfa\",\"item\":\"https:\/\/vertexgroup.com.tr\/\"},{\"@type\":\"ListItem\",\"position\":2,\"name\":\"Hakk\u0131m\u0131zda\"}]},{\"@type\":\"WebSite\",\"@id\":\"https:\/\/vertexgroup.com.tr\/#website\",\"url\":\"https:\/\/vertexgroup.com.tr\/\",\"name\":\"Vertex Group\",\"description\":\"Sporun Gelece\u011fini \u0130n\u015fa Ediyoruz\",\"publisher\":{\"@id\":\"https:\/\/vertexgroup.com.tr\/#organization\"},\"potentialAction\":[{\"@type\":\"SearchAction\",\"target\":{\"@type\":\"EntryPoint\",\"urlTemplate\":\"https:\/\/vertexgroup.com.tr\/?s={search_term_string}\"},\"query-input\":{\"@type\":\"PropertyValueSpecification\",\"valueRequired\":true,\"valueName\":\"search_term_string\"}}],\"inLanguage\":\"fr-FR\"},{\"@type\":\"Organization\",\"@id\":\"https:\/\/vertexgroup.com.tr\/#organization\",\"name\":\"Vertex Group\",\"url\":\"https:\/\/vertexgroup.com.tr\/\",\"logo\":{\"@type\":\"ImageObject\",\"inLanguage\":\"fr-FR\",\"@id\":\"https:\/\/vertexgroup.com.tr\/#\/schema\/logo\/image\/\",\"url\":\"https:\/\/vertexgroup.com.tr\/wp-content\/uploads\/2023\/06\/Vertex-logo-1.png\",\"contentUrl\":\"https:\/\/vertexgroup.com.tr\/wp-content\/uploads\/2023\/06\/Vertex-logo-1.png\",\"width\":727,\"height\":270,\"caption\":\"Vertex Group\"},\"image\":{\"@id\":\"https:\/\/vertexgroup.com.tr\/#\/schema\/logo\/image\/\"}}]}<\/script>\n<!-- \/ Yoast SEO plugin. -->","yoast_head_json":{"title":"Hakk\u0131m\u0131zda - Vertex Group","robots":{"index":"index","follow":"follow","max-snippet":"max-snippet:-1","max-image-preview":"max-image-preview:large","max-video-preview":"max-video-preview:-1"},"canonical":"https:\/\/vertexgroup.com.tr\/fr\/hakkimizda\/","og_locale":"fr_FR","og_type":"article","og_title":"Hakk\u0131m\u0131zda - Vertex Group","og_description":"Vertex Group Hakk\u0131m\u0131zda Vertex Group, suni \u00e7im \u00fcretimi, spor tesisleri kurulumu ve \u00e7elik konstr\u00fcksiyon alanlar\u0131nda faaliyet g\u00f6steren, uluslararas\u0131 arenada g\u00fc\u00e7l\u00fc bir ihracat\u00e7\u0131 ve \u00fcretici firmad\u0131r. \u0130stanbul merkezli \u015firketimiz, 40\u2019tan fazla&hellip;","og_url":"https:\/\/vertexgroup.com.tr\/fr\/hakkimizda\/","og_site_name":"Vertex Group","article_modified_time":"2025-07-08T19:28:20+00:00","og_image":[{"width":1500,"height":1001,"url":"https:\/\/vertexgroup.com.tr\/wp-content\/uploads\/2025\/07\/vertexgroup-hak-2.jpg","type":"image\/jpeg"}],"twitter_card":"summary_large_image","twitter_misc":{"Dur\u00e9e de lecture estim\u00e9e":"1 minute"},"schema":{"@context":"https:\/\/schema.org","@graph":[{"@type":"WebPage","@id":"https:\/\/vertexgroup.com.tr\/hakkimizda\/","url":"https:\/\/vertexgroup.com.tr\/hakkimizda\/","name":"Hakk\u0131m\u0131zda - Vertex Group","isPartOf":{"@id":"https:\/\/vertexgroup.com.tr\/#website"},"primaryImageOfPage":{"@id":"https:\/\/vertexgroup.com.tr\/hakkimizda\/#primaryimage"},"image":{"@id":"https:\/\/vertexgroup.com.tr\/hakkimizda\/#primaryimage"},"thumbnailUrl":"https:\/\/vertexgroup.com.tr\/wp-content\/uploads\/2025\/07\/vertexgroup-hak-2-1024x683.jpg","datePublished":"2023-06-20T14:26:04+00:00","dateModified":"2025-07-08T19:28:20+00:00","breadcrumb":{"@id":"https:\/\/vertexgroup.com.tr\/hakkimizda\/#breadcrumb"},"inLanguage":"fr-FR","potentialAction":[{"@type":"ReadAction","target":["https:\/\/vertexgroup.com.tr\/hakkimizda\/"]}]},{"@type":"ImageObject","inLanguage":"fr-FR","@id":"https:\/\/vertexgroup.com.tr\/hakkimizda\/#primaryimage","url":"https:\/\/vertexgroup.com.tr\/wp-content\/uploads\/2025\/07\/vertexgroup-hak-2-1024x683.jpg","contentUrl":"https:\/\/vertexgroup.com.tr\/wp-content\/uploads\/2025\/07\/vertexgroup-hak-2-1024x683.jpg"},{"@type":"BreadcrumbList","@id":"https:\/\/vertexgroup.com.tr\/hakkimizda\/#breadcrumb","itemListElement":[{"@type":"ListItem","position":1,"name":"Anasayfa","item":"https:\/\/vertexgroup.com.tr\/"},{"@type":"ListItem","position":2,"name":"Hakk\u0131m\u0131zda"}]},{"@type":"WebSite","@id":"https:\/\/vertexgroup.com.tr\/#website","url":"https:\/\/vertexgroup.com.tr\/","name":"Vertex Group","description":"Sporun Gelece\u011fini \u0130n\u015fa Ediyoruz","publisher":{"@id":"https:\/\/vertexgroup.com.tr\/#organization"},"potentialAction":[{"@type":"SearchAction","target":{"@type":"EntryPoint","urlTemplate":"https:\/\/vertexgroup.com.tr\/?s={search_term_string}"},"query-input":{"@type":"PropertyValueSpecification","valueRequired":true,"valueName":"search_term_string"}}],"inLanguage":"fr-FR"},{"@type":"Organization","@id":"https:\/\/vertexgroup.com.tr\/#organization","name":"Vertex Group","url":"https:\/\/vertexgroup.com.tr\/","logo":{"@type":"ImageObject","inLanguage":"fr-FR","@id":"https:\/\/vertexgroup.com.tr\/#\/schema\/logo\/image\/","url":"https:\/\/vertexgroup.com.tr\/wp-content\/uploads\/2023\/06\/Vertex-logo-1.png","contentUrl":"https:\/\/vertexgroup.com.tr\/wp-content\/uploads\/2023\/06\/Vertex-logo-1.png","width":727,"height":270,"caption":"Vertex Group"},"image":{"@id":"https:\/\/vertexgroup.com.tr\/#\/schema\/logo\/image\/"}}]}},"_links":{"self":[{"href":"https:\/\/vertexgroup.com.tr\/fr\/wp-json\/wp\/v2\/pages\/18122","targetHints":{"allow":["GET"]}}],"collection":[{"href":"https:\/\/vertexgroup.com.tr\/fr\/wp-json\/wp\/v2\/pages"}],"about":[{"href":"https:\/\/vertexgroup.com.tr\/fr\/wp-json\/wp\/v2\/types\/page"}],"author":[{"embeddable":true,"href":"https:\/\/vertexgroup.com.tr\/fr\/wp-json\/wp\/v2\/users\/1"}],"replies":[{"embeddable":true,"href":"https:\/\/vertexgroup.com.tr\/fr\/wp-json\/wp\/v2\/comments?post=18122"}],"version-history":[{"count":43,"href":"https:\/\/vertexgroup.com.tr\/fr\/wp-json\/wp\/v2\/pages\/18122\/revisions"}],"predecessor-version":[{"id":42962,"href":"https:\/\/vertexgroup.com.tr\/fr\/wp-json\/wp\/v2\/pages\/18122\/revisions\/42962"}],"wp:attachment":[{"href":"https:\/\/vertexgroup.com.tr\/fr\/wp-json\/wp\/v2\/media?parent=18122"}],"curies":[{"name":"wp","href":"https:\/\/api.w.org\/{rel}","templated":true}]}}