{"id":18124,"date":"2023-06-20T14:26:24","date_gmt":"2023-06-20T14:26:24","guid":{"rendered":"https:\/\/vertexgroup.com.tr\/?page_id=18124"},"modified":"2025-07-08T18:52:39","modified_gmt":"2025-07-08T18:52:39","slug":"urunler","status":"publish","type":"page","link":"https:\/\/vertexgroup.com.tr\/en\/urunler\/","title":{"rendered":"Products"},"content":{"rendered":"<div data-elementor-type=\"wp-page\" data-elementor-id=\"18124\" class=\"elementor elementor-18124\">\n\t\t\t\t\t\t<section class=\"elementor-section elementor-top-section elementor-element elementor-element-2784702 elementor-section-boxed elementor-section-height-default elementor-section-height-default sc_fly_static\" data-id=\"2784702\" data-element_type=\"section\">\n\t\t\t\t\t\t<div class=\"elementor-container elementor-column-gap-extended\">\n\t\t\t\t\t<div class=\"elementor-column elementor-col-100 elementor-top-column elementor-element elementor-element-6f2da38 sc_layouts_column_align_center sc_layouts_column sc_content_align_inherit sc_layouts_column_icons_position_left sc_fly_static\" data-id=\"6f2da38\" data-element_type=\"column\">\n\t\t\t<div class=\"elementor-widget-wrap elementor-element-populated\">\n\t\t\t\t\t\t<div class=\"elementor-element elementor-element-bc637bb sc_height_large sc_fly_static elementor-widget elementor-widget-spacer\" data-id=\"bc637bb\" data-element_type=\"widget\" data-widget_type=\"spacer.default\">\n\t\t\t\t<div class=\"elementor-widget-container\">\n\t\t\t\t\t\t\t<div class=\"elementor-spacer\">\n\t\t\t<div class=\"elementor-spacer-inner\"><\/div>\n\t\t<\/div>\n\t\t\t\t\t\t<\/div>\n\t\t\t\t<\/div>\n\t\t\t\t<div class=\"elementor-element elementor-element-c4ea5ec sc_fly_static elementor-widget elementor-widget-trx_sc_services\" data-id=\"c4ea5ec\" data-element_type=\"widget\" data-widget_type=\"trx_sc_services.default\">\n\t\t\t\t<div class=\"elementor-widget-container\">\n\t\t\t\t\t<div class=\"sc_services sc_services_default sc_services_featured_top\"><div class=\"sc_services_columns_wrap sc_item_columns sc_item_posts_container sc_item_columns_3 trx_addons_columns_wrap columns_padding_bottom columns_in_single_row\"><div class=\"trx_addons_column-1_3\"><div data-post-id=\"35553\" class=\"sc_services_item sc_item_container post_container with_content with_image sc_services_item_featured_top post-35553 cpt_services type-cpt_services status-publish has-post-thumbnail hentry cpt_services_group-health\" data-item-number=\"1\"\n>\n\t<div class=\"post_featured with_thumb hover_link sc_services_item_thumb\"><img fetchpriority=\"high\" decoding=\"async\" width=\"890\" height=\"664\" src=\"https:\/\/vertexgroup.com.tr\/wp-content\/uploads\/2023\/06\/1-30-40-50-mm-garden-eco-890x664.jpg\" class=\"attachment-muscle-thumb-square size-muscle-thumb-square wp-post-image\" alt=\"\" srcset=\"https:\/\/vertexgroup.com.tr\/wp-content\/uploads\/2023\/06\/1-30-40-50-mm-garden-eco-890x664.jpg 890w, https:\/\/vertexgroup.com.tr\/wp-content\/uploads\/2023\/06\/1-30-40-50-mm-garden-eco-16x12.jpg 16w\" sizes=\"(max-width: 890px) 100vw, 890px\" \/>\t\t\t\t\t\t<div class=\"mask\"><\/div>\n\t\t\t\t\t\t<a class=\"post_link sc_services_item_link\" href=\"https:\/\/vertexgroup.com.tr\/en\/services\/30-40-50-mm-garden-eco\/\"><\/a>\t\t\t<a href=\"https:\/\/vertexgroup.com.tr\/en\/services\/30-40-50-mm-garden-eco\/\"  aria-hidden=\"true\" class=\"link\"><\/a>\n\t\t\t<\/div>\t\n\t<div class=\"sc_services_item_info\">\n\t\t\t\t<div class=\"sc_services_item_header\">\n\t\t\t\t\t\t<h4 class=\"sc_services_item_title entry-title\"><a href=\"https:\/\/vertexgroup.com.tr\/en\/services\/30-40-50-mm-garden-eco\/\">30\/40\/50 MM Garden ECO<\/a><\/h4>\n\t\t\t\t\t<\/div>\n\t\t                    <div class=\"sc_services_item_content\"><p>Hizmet i\u00e7eri\u011fini incelemek ve detayl\u0131 bilgi almak i\u00e7in hemen t\u0131klay\u0131n.<\/p>\n<\/div><div class=\"sc_services_item_button sc_item_button\">\n            <a href=\"https:\/\/vertexgroup.com.tr\/en\/services\/30-40-50-mm-garden-eco\/\" class=\"sc_services_item_more_link\">\n                <span class=\"link_text\">\u0130nceleyin<\/span><span class=\"link_icon\"><\/span>\n            <\/a>\n            <\/div><\/div>\n<\/div>\n<\/div><div class=\"trx_addons_column-1_3\"><div data-post-id=\"35555\" class=\"sc_services_item sc_item_container post_container with_content with_image sc_services_item_featured_top post-35555 cpt_services type-cpt_services status-publish has-post-thumbnail hentry cpt_services_group-health\" data-item-number=\"2\"\n>\n\t<div class=\"post_featured with_thumb hover_link sc_services_item_thumb\"><img decoding=\"async\" width=\"890\" height=\"664\" src=\"https:\/\/vertexgroup.com.tr\/wp-content\/uploads\/2023\/06\/2-40-50-60-mm-double-flament-890x664.jpg\" class=\"attachment-muscle-thumb-square size-muscle-thumb-square wp-post-image\" alt=\"\" srcset=\"https:\/\/vertexgroup.com.tr\/wp-content\/uploads\/2023\/06\/2-40-50-60-mm-double-flament-890x664.jpg 890w, https:\/\/vertexgroup.com.tr\/wp-content\/uploads\/2023\/06\/2-40-50-60-mm-double-flament-16x12.jpg 16w\" sizes=\"(max-width: 890px) 100vw, 890px\" \/>\t\t\t\t\t\t<div class=\"mask\"><\/div>\n\t\t\t\t\t\t<a class=\"post_link sc_services_item_link\" href=\"https:\/\/vertexgroup.com.tr\/en\/services\/40-50-60-mm-double-flament\/\"><\/a>\t\t\t<a href=\"https:\/\/vertexgroup.com.tr\/en\/services\/40-50-60-mm-double-flament\/\"  aria-hidden=\"true\" class=\"link\"><\/a>\n\t\t\t<\/div>\t\n\t<div class=\"sc_services_item_info\">\n\t\t\t\t<div class=\"sc_services_item_header\">\n\t\t\t\t\t\t<h4 class=\"sc_services_item_title entry-title\"><a href=\"https:\/\/vertexgroup.com.tr\/en\/services\/40-50-60-mm-double-flament\/\">40\/50\/60 MM Double Flament<\/a><\/h4>\n\t\t\t\t\t<\/div>\n\t\t                    <div class=\"sc_services_item_content\"><p>Hizmet i\u00e7eri\u011fini incelemek ve detayl\u0131 bilgi almak i\u00e7in hemen t\u0131klay\u0131n.<\/p>\n<\/div><div class=\"sc_services_item_button sc_item_button\">\n            <a href=\"https:\/\/vertexgroup.com.tr\/en\/services\/40-50-60-mm-double-flament\/\" class=\"sc_services_item_more_link\">\n                <span class=\"link_text\">\u0130nceleyin<\/span><span class=\"link_icon\"><\/span>\n            <\/a>\n            <\/div><\/div>\n<\/div>\n<\/div><div class=\"trx_addons_column-1_3\"><div data-post-id=\"35556\" class=\"sc_services_item sc_item_container post_container with_content with_image sc_services_item_featured_top post-35556 cpt_services type-cpt_services status-publish has-post-thumbnail hentry cpt_services_group-health\" data-item-number=\"3\"\n>\n\t<div class=\"post_featured with_thumb hover_link sc_services_item_thumb\"><img decoding=\"async\" width=\"890\" height=\"664\" src=\"https:\/\/vertexgroup.com.tr\/wp-content\/uploads\/2023\/06\/3-anahtar-teslim-celik-konstruksiyon-sistemleri-890x664.jpg\" class=\"attachment-muscle-thumb-square size-muscle-thumb-square wp-post-image\" alt=\"\" srcset=\"https:\/\/vertexgroup.com.tr\/wp-content\/uploads\/2023\/06\/3-anahtar-teslim-celik-konstruksiyon-sistemleri-890x664.jpg 890w, https:\/\/vertexgroup.com.tr\/wp-content\/uploads\/2023\/06\/3-anahtar-teslim-celik-konstruksiyon-sistemleri-16x12.jpg 16w\" sizes=\"(max-width: 890px) 100vw, 890px\" \/>\t\t\t\t\t\t<div class=\"mask\"><\/div>\n\t\t\t\t\t\t<a class=\"post_link sc_services_item_link\" href=\"https:\/\/vertexgroup.com.tr\/en\/services\/anahtar-teslim-celik-konstruksiyon-sistemleri\/\"><\/a>\t\t\t<a href=\"https:\/\/vertexgroup.com.tr\/en\/services\/anahtar-teslim-celik-konstruksiyon-sistemleri\/\"  aria-hidden=\"true\" class=\"link\"><\/a>\n\t\t\t<\/div>\t\n\t<div class=\"sc_services_item_info\">\n\t\t\t\t<div class=\"sc_services_item_header\">\n\t\t\t\t\t\t<h4 class=\"sc_services_item_title entry-title\"><a href=\"https:\/\/vertexgroup.com.tr\/en\/services\/anahtar-teslim-celik-konstruksiyon-sistemleri\/\">Turnkey Steel Construction Systems<\/a><\/h4>\n\t\t\t\t\t<\/div>\n\t\t                    <div class=\"sc_services_item_content\"><p>Hizmet i\u00e7eri\u011fini incelemek ve detayl\u0131 bilgi almak i\u00e7in hemen t\u0131klay\u0131n.<\/p>\n<\/div><div class=\"sc_services_item_button sc_item_button\">\n            <a href=\"https:\/\/vertexgroup.com.tr\/en\/services\/anahtar-teslim-celik-konstruksiyon-sistemleri\/\" class=\"sc_services_item_more_link\">\n                <span class=\"link_text\">\u0130nceleyin<\/span><span class=\"link_icon\"><\/span>\n            <\/a>\n            <\/div><\/div>\n<\/div>\n<\/div><\/div><\/div>\t\t\t\t<\/div>\n\t\t\t\t<\/div>\n\t\t\t\t<div class=\"elementor-element elementor-element-9cfe29b sc_height_large sc_fly_static elementor-widget elementor-widget-spacer\" data-id=\"9cfe29b\" data-element_type=\"widget\" data-widget_type=\"spacer.default\">\n\t\t\t\t<div class=\"elementor-widget-container\">\n\t\t\t\t\t\t\t<div class=\"elementor-spacer\">\n\t\t\t<div class=\"elementor-spacer-inner\"><\/div>\n\t\t<\/div>\n\t\t\t\t\t\t<\/div>\n\t\t\t\t<\/div>\n\t\t\t\t\t<\/div>\n\t\t<\/div>\n\t\t\t\t\t<\/div>\n\t\t<\/section>\n\t\t\t\t<section class=\"elementor-section elementor-top-section elementor-element elementor-element-d6a5311 elementor-section-boxed elementor-section-height-default elementor-section-height-default sc_fly_static\" data-id=\"d6a5311\" data-element_type=\"section\">\n\t\t\t\t\t\t<div class=\"elementor-container elementor-column-gap-extended\">\n\t\t\t\t\t<div class=\"elementor-column elementor-col-100 elementor-top-column elementor-element elementor-element-b03da9c sc_layouts_column_align_center sc_layouts_column sc_content_align_inherit sc_layouts_column_icons_position_left sc_fly_static\" data-id=\"b03da9c\" data-element_type=\"column\" data-settings=\"{&quot;background_background&quot;:&quot;classic&quot;}\">\n\t\t\t<div class=\"elementor-widget-wrap elementor-element-populated\">\n\t\t\t\t\t<div class=\"elementor-background-overlay\"><\/div>\n\t\t\t\t\t\t<div class=\"elementor-element elementor-element-6c33bc9 sc_height_large sc_fly_static elementor-widget elementor-widget-spacer\" data-id=\"6c33bc9\" data-element_type=\"widget\" data-widget_type=\"spacer.default\">\n\t\t\t\t<div class=\"elementor-widget-container\">\n\t\t\t\t\t\t\t<div class=\"elementor-spacer\">\n\t\t\t<div class=\"elementor-spacer-inner\"><\/div>\n\t\t<\/div>\n\t\t\t\t\t\t<\/div>\n\t\t\t\t<\/div>\n\t\t\t\t<div class=\"elementor-element elementor-element-d702021 sc_height_large sc_layouts_hide_on_notebook sc_layouts_hide_on_tablet sc_layouts_hide_on_mobile sc_fly_static elementor-widget elementor-widget-spacer\" data-id=\"d702021\" data-element_type=\"widget\" data-widget_type=\"spacer.default\">\n\t\t\t\t<div class=\"elementor-widget-container\">\n\t\t\t\t\t\t\t<div class=\"elementor-spacer\">\n\t\t\t<div class=\"elementor-spacer-inner\"><\/div>\n\t\t<\/div>\n\t\t\t\t\t\t<\/div>\n\t\t\t\t<\/div>\n\t\t\t\t<div data-animation-type=\"block\" class=\"elementor-element elementor-element-26bd333 elementor-widget__width-initial animation_type_block sc_fly_static elementor-invisible elementor-widget elementor-widget-trx_sc_title\" data-id=\"26bd333\" data-element_type=\"widget\" data-settings=\"{&quot;_animation&quot;:&quot;muscle-fadein&quot;}\" data-widget_type=\"trx_sc_title.default\">\n\t\t\t\t<div class=\"elementor-widget-container\">\n\t\t\t\t\t<div\t\tclass=\"sc_title sc_title_default\" ><span class=\"sc_item_subtitle sc_title_subtitle sc_item_subtitle_above sc_item_title_style_default sc_item_subtitle_with_custom_color trx_addons_inline_2050764562\">Get a Free Quote<\/span><h2 class=\"sc_item_title sc_title_title sc_item_title_style_default sc_item_title_tag trx_addons_inline_1446594487\"\n\t\t\t><span class=\"sc_item_title_text\">Natural Look, Professional Performance<\/span><\/h2><div class=\"sc_item_descr sc_title_descr sc_item_descr_with_custom_color trx_addons_inline_67008012\"><p>Fill out the form and contact us to get a free quote now.<\/p>\n<\/div><\/div>\t\t\t\t<\/div>\n\t\t\t\t<\/div>\n\t\t\t\t<div class=\"elementor-element elementor-element-ff70381 sc_height_small sc_fly_static elementor-widget elementor-widget-spacer\" data-id=\"ff70381\" data-element_type=\"widget\" data-widget_type=\"spacer.default\">\n\t\t\t\t<div class=\"elementor-widget-container\">\n\t\t\t\t\t\t\t<div class=\"elementor-spacer\">\n\t\t\t<div class=\"elementor-spacer-inner\"><\/div>\n\t\t<\/div>\n\t\t\t\t\t\t<\/div>\n\t\t\t\t<\/div>\n\t\t\t\t<div data-animation-type=\"block\" class=\"elementor-element elementor-element-a7f13ef animation_type_block sc_fly_static elementor-invisible elementor-widget elementor-widget-trx_sc_button\" data-id=\"a7f13ef\" data-element_type=\"widget\" data-settings=\"{&quot;_animation&quot;:&quot;muscle-fadein&quot;,&quot;_animation_delay&quot;:100}\" data-widget_type=\"trx_sc_button.default\">\n\t\t\t\t<div class=\"elementor-widget-container\">\n\t\t\t\t\t<div\tclass=\"sc_item_button sc_button_wrap\" ><a href=\"https:\/\/vertexgroup.com.tr\/en\/iletisim\/\" class=\"sc_button sc_button_default sc_button_size_normal sc_button_icon_left\" ><span class=\"sc_button_text\"><span class=\"sc_button_title\">Get a Quote!<\/span><\/span><\/a><\/div>\t\t\t\t<\/div>\n\t\t\t\t<\/div>\n\t\t\t\t<div class=\"elementor-element elementor-element-9068479 sc_height_large sc_layouts_hide_on_notebook sc_layouts_hide_on_tablet sc_layouts_hide_on_mobile sc_fly_static elementor-widget elementor-widget-spacer\" data-id=\"9068479\" data-element_type=\"widget\" data-widget_type=\"spacer.default\">\n\t\t\t\t<div class=\"elementor-widget-container\">\n\t\t\t\t\t\t\t<div class=\"elementor-spacer\">\n\t\t\t<div class=\"elementor-spacer-inner\"><\/div>\n\t\t<\/div>\n\t\t\t\t\t\t<\/div>\n\t\t\t\t<\/div>\n\t\t\t\t<div class=\"elementor-element elementor-element-a1457f2 sc_height_medium sc_fly_static elementor-widget elementor-widget-spacer\" data-id=\"a1457f2\" data-element_type=\"widget\" data-widget_type=\"spacer.default\">\n\t\t\t\t<div class=\"elementor-widget-container\">\n\t\t\t\t\t\t\t<div class=\"elementor-spacer\">\n\t\t\t<div class=\"elementor-spacer-inner\"><\/div>\n\t\t<\/div>\n\t\t\t\t\t\t<\/div>\n\t\t\t\t<\/div>\n\t\t\t\t\t<\/div>\n\t\t<\/div>\n\t\t\t\t\t<\/div>\n\t\t<\/section>\n\t\t\t\t<section class=\"elementor-section elementor-top-section elementor-element elementor-element-203eb4d elementor-section-boxed elementor-section-height-default elementor-section-height-default sc_fly_static\" data-id=\"203eb4d\" data-element_type=\"section\">\n\t\t\t\t\t\t<div class=\"elementor-container elementor-column-gap-extended\">\n\t\t\t\t\t<div class=\"elementor-column elementor-col-100 elementor-top-column elementor-element elementor-element-3132198 sc_content_align_inherit sc_layouts_column_icons_position_left sc_fly_static\" data-id=\"3132198\" data-element_type=\"column\">\n\t\t\t<div class=\"elementor-widget-wrap elementor-element-populated\">\n\t\t\t\t\t\t<div class=\"elementor-element elementor-element-bb2ebd7 sc_height_large sc_fly_static elementor-widget elementor-widget-spacer\" data-id=\"bb2ebd7\" data-element_type=\"widget\" data-widget_type=\"spacer.default\">\n\t\t\t\t<div class=\"elementor-widget-container\">\n\t\t\t\t\t\t\t<div class=\"elementor-spacer\">\n\t\t\t<div class=\"elementor-spacer-inner\"><\/div>\n\t\t<\/div>\n\t\t\t\t\t\t<\/div>\n\t\t\t\t<\/div>\n\t\t\t\t\t<\/div>\n\t\t<\/div>\n\t\t\t\t\t<\/div>\n\t\t<\/section>\n\t\t\t\t<\/div>","protected":false},"excerpt":{"rendered":"<p>30\/40\/50 MM Garden ECO Hizmet i\u00e7eri\u011fini incelemek ve detayl\u0131 bilgi almak i\u00e7in hemen t\u0131klay\u0131n. \u0130nceleyin 40\/50\/60 MM Double Flament Hizmet i\u00e7eri\u011fini incelemek ve detayl\u0131 bilgi almak i\u00e7in hemen t\u0131klay\u0131n. \u0130nceleyin&hellip;<\/p>","protected":false},"author":1,"featured_media":0,"parent":0,"menu_order":0,"comment_status":"closed","ping_status":"closed","template":"","meta":{"footnotes":""},"class_list":["post-18124","page","type-page","status-publish","hentry"],"yoast_head":"<!-- This site is optimized with the Yoast SEO plugin v25.4 - https:\/\/yoast.com\/wordpress\/plugins\/seo\/ -->\n<title>\u00dcr\u00fcnler - Vertex Group<\/title>\n<meta name=\"robots\" content=\"index, follow, max-snippet:-1, max-image-preview:large, max-video-preview:-1\" \/>\n<link rel=\"canonical\" href=\"https:\/\/vertexgroup.com.tr\/en\/urunler\/\" \/>\n<meta property=\"og:locale\" content=\"en_US\" \/>\n<meta property=\"og:type\" content=\"article\" \/>\n<meta property=\"og:title\" content=\"\u00dcr\u00fcnler - Vertex Group\" \/>\n<meta property=\"og:description\" content=\"30\/40\/50 MM Garden ECO Hizmet i\u00e7eri\u011fini incelemek ve detayl\u0131 bilgi almak i\u00e7in hemen t\u0131klay\u0131n. \u0130nceleyin 40\/50\/60 MM Double Flament Hizmet i\u00e7eri\u011fini incelemek ve detayl\u0131 bilgi almak i\u00e7in hemen t\u0131klay\u0131n. \u0130nceleyin&hellip;\" \/>\n<meta property=\"og:url\" content=\"https:\/\/vertexgroup.com.tr\/en\/urunler\/\" \/>\n<meta property=\"og:site_name\" content=\"Vertex Group\" \/>\n<meta property=\"article:modified_time\" content=\"2025-07-08T18:52:39+00:00\" \/>\n<meta property=\"og:image\" content=\"https:\/\/vertexgroup.com.tr\/wp-content\/uploads\/2023\/06\/1-30-40-50-mm-garden-eco-890x664.jpg\" \/>\n<meta name=\"twitter:card\" content=\"summary_large_image\" \/>\n<script type=\"application\/ld+json\" class=\"yoast-schema-graph\">{\"@context\":\"https:\/\/schema.org\",\"@graph\":[{\"@type\":\"WebPage\",\"@id\":\"https:\/\/vertexgroup.com.tr\/urunler\/\",\"url\":\"https:\/\/vertexgroup.com.tr\/urunler\/\",\"name\":\"\u00dcr\u00fcnler - Vertex Group\",\"isPartOf\":{\"@id\":\"https:\/\/vertexgroup.com.tr\/#website\"},\"primaryImageOfPage\":{\"@id\":\"https:\/\/vertexgroup.com.tr\/urunler\/#primaryimage\"},\"image\":{\"@id\":\"https:\/\/vertexgroup.com.tr\/urunler\/#primaryimage\"},\"thumbnailUrl\":\"https:\/\/vertexgroup.com.tr\/wp-content\/uploads\/2023\/06\/1-30-40-50-mm-garden-eco-890x664.jpg\",\"datePublished\":\"2023-06-20T14:26:24+00:00\",\"dateModified\":\"2025-07-08T18:52:39+00:00\",\"breadcrumb\":{\"@id\":\"https:\/\/vertexgroup.com.tr\/urunler\/#breadcrumb\"},\"inLanguage\":\"en-US\",\"potentialAction\":[{\"@type\":\"ReadAction\",\"target\":[\"https:\/\/vertexgroup.com.tr\/urunler\/\"]}]},{\"@type\":\"ImageObject\",\"inLanguage\":\"en-US\",\"@id\":\"https:\/\/vertexgroup.com.tr\/urunler\/#primaryimage\",\"url\":\"https:\/\/vertexgroup.com.tr\/wp-content\/uploads\/2023\/06\/1-30-40-50-mm-garden-eco-890x664.jpg\",\"contentUrl\":\"https:\/\/vertexgroup.com.tr\/wp-content\/uploads\/2023\/06\/1-30-40-50-mm-garden-eco-890x664.jpg\"},{\"@type\":\"BreadcrumbList\",\"@id\":\"https:\/\/vertexgroup.com.tr\/urunler\/#breadcrumb\",\"itemListElement\":[{\"@type\":\"ListItem\",\"position\":1,\"name\":\"Anasayfa\",\"item\":\"https:\/\/vertexgroup.com.tr\/\"},{\"@type\":\"ListItem\",\"position\":2,\"name\":\"\u00dcr\u00fcnler\"}]},{\"@type\":\"WebSite\",\"@id\":\"https:\/\/vertexgroup.com.tr\/#website\",\"url\":\"https:\/\/vertexgroup.com.tr\/\",\"name\":\"Vertex Group\",\"description\":\"Sporun Gelece\u011fini \u0130n\u015fa Ediyoruz\",\"publisher\":{\"@id\":\"https:\/\/vertexgroup.com.tr\/#organization\"},\"potentialAction\":[{\"@type\":\"SearchAction\",\"target\":{\"@type\":\"EntryPoint\",\"urlTemplate\":\"https:\/\/vertexgroup.com.tr\/?s={search_term_string}\"},\"query-input\":{\"@type\":\"PropertyValueSpecification\",\"valueRequired\":true,\"valueName\":\"search_term_string\"}}],\"inLanguage\":\"en-US\"},{\"@type\":\"Organization\",\"@id\":\"https:\/\/vertexgroup.com.tr\/#organization\",\"name\":\"Vertex Group\",\"url\":\"https:\/\/vertexgroup.com.tr\/\",\"logo\":{\"@type\":\"ImageObject\",\"inLanguage\":\"en-US\",\"@id\":\"https:\/\/vertexgroup.com.tr\/#\/schema\/logo\/image\/\",\"url\":\"https:\/\/vertexgroup.com.tr\/wp-content\/uploads\/2023\/06\/Vertex-logo-1.png\",\"contentUrl\":\"https:\/\/vertexgroup.com.tr\/wp-content\/uploads\/2023\/06\/Vertex-logo-1.png\",\"width\":727,\"height\":270,\"caption\":\"Vertex Group\"},\"image\":{\"@id\":\"https:\/\/vertexgroup.com.tr\/#\/schema\/logo\/image\/\"}}]}<\/script>\n<!-- \/ Yoast SEO plugin. -->","yoast_head_json":{"title":"\u00dcr\u00fcnler - Vertex Group","robots":{"index":"index","follow":"follow","max-snippet":"max-snippet:-1","max-image-preview":"max-image-preview:large","max-video-preview":"max-video-preview:-1"},"canonical":"https:\/\/vertexgroup.com.tr\/en\/urunler\/","og_locale":"en_US","og_type":"article","og_title":"\u00dcr\u00fcnler - Vertex Group","og_description":"30\/40\/50 MM Garden ECO Hizmet i\u00e7eri\u011fini incelemek ve detayl\u0131 bilgi almak i\u00e7in hemen t\u0131klay\u0131n. \u0130nceleyin 40\/50\/60 MM Double Flament Hizmet i\u00e7eri\u011fini incelemek ve detayl\u0131 bilgi almak i\u00e7in hemen t\u0131klay\u0131n. \u0130nceleyin&hellip;","og_url":"https:\/\/vertexgroup.com.tr\/en\/urunler\/","og_site_name":"Vertex Group","article_modified_time":"2025-07-08T18:52:39+00:00","og_image":[{"url":"https:\/\/vertexgroup.com.tr\/wp-content\/uploads\/2023\/06\/1-30-40-50-mm-garden-eco-890x664.jpg","type":"","width":"","height":""}],"twitter_card":"summary_large_image","schema":{"@context":"https:\/\/schema.org","@graph":[{"@type":"WebPage","@id":"https:\/\/vertexgroup.com.tr\/urunler\/","url":"https:\/\/vertexgroup.com.tr\/urunler\/","name":"\u00dcr\u00fcnler - Vertex Group","isPartOf":{"@id":"https:\/\/vertexgroup.com.tr\/#website"},"primaryImageOfPage":{"@id":"https:\/\/vertexgroup.com.tr\/urunler\/#primaryimage"},"image":{"@id":"https:\/\/vertexgroup.com.tr\/urunler\/#primaryimage"},"thumbnailUrl":"https:\/\/vertexgroup.com.tr\/wp-content\/uploads\/2023\/06\/1-30-40-50-mm-garden-eco-890x664.jpg","datePublished":"2023-06-20T14:26:24+00:00","dateModified":"2025-07-08T18:52:39+00:00","breadcrumb":{"@id":"https:\/\/vertexgroup.com.tr\/urunler\/#breadcrumb"},"inLanguage":"en-US","potentialAction":[{"@type":"ReadAction","target":["https:\/\/vertexgroup.com.tr\/urunler\/"]}]},{"@type":"ImageObject","inLanguage":"en-US","@id":"https:\/\/vertexgroup.com.tr\/urunler\/#primaryimage","url":"https:\/\/vertexgroup.com.tr\/wp-content\/uploads\/2023\/06\/1-30-40-50-mm-garden-eco-890x664.jpg","contentUrl":"https:\/\/vertexgroup.com.tr\/wp-content\/uploads\/2023\/06\/1-30-40-50-mm-garden-eco-890x664.jpg"},{"@type":"BreadcrumbList","@id":"https:\/\/vertexgroup.com.tr\/urunler\/#breadcrumb","itemListElement":[{"@type":"ListItem","position":1,"name":"Anasayfa","item":"https:\/\/vertexgroup.com.tr\/"},{"@type":"ListItem","position":2,"name":"\u00dcr\u00fcnler"}]},{"@type":"WebSite","@id":"https:\/\/vertexgroup.com.tr\/#website","url":"https:\/\/vertexgroup.com.tr\/","name":"Vertex Group","description":"Sporun Gelece\u011fini \u0130n\u015fa Ediyoruz","publisher":{"@id":"https:\/\/vertexgroup.com.tr\/#organization"},"potentialAction":[{"@type":"SearchAction","target":{"@type":"EntryPoint","urlTemplate":"https:\/\/vertexgroup.com.tr\/?s={search_term_string}"},"query-input":{"@type":"PropertyValueSpecification","valueRequired":true,"valueName":"search_term_string"}}],"inLanguage":"en-US"},{"@type":"Organization","@id":"https:\/\/vertexgroup.com.tr\/#organization","name":"Vertex Group","url":"https:\/\/vertexgroup.com.tr\/","logo":{"@type":"ImageObject","inLanguage":"en-US","@id":"https:\/\/vertexgroup.com.tr\/#\/schema\/logo\/image\/","url":"https:\/\/vertexgroup.com.tr\/wp-content\/uploads\/2023\/06\/Vertex-logo-1.png","contentUrl":"https:\/\/vertexgroup.com.tr\/wp-content\/uploads\/2023\/06\/Vertex-logo-1.png","width":727,"height":270,"caption":"Vertex Group"},"image":{"@id":"https:\/\/vertexgroup.com.tr\/#\/schema\/logo\/image\/"}}]}},"_links":{"self":[{"href":"https:\/\/vertexgroup.com.tr\/en\/wp-json\/wp\/v2\/pages\/18124","targetHints":{"allow":["GET"]}}],"collection":[{"href":"https:\/\/vertexgroup.com.tr\/en\/wp-json\/wp\/v2\/pages"}],"about":[{"href":"https:\/\/vertexgroup.com.tr\/en\/wp-json\/wp\/v2\/types\/page"}],"author":[{"embeddable":true,"href":"https:\/\/vertexgroup.com.tr\/en\/wp-json\/wp\/v2\/users\/1"}],"replies":[{"embeddable":true,"href":"https:\/\/vertexgroup.com.tr\/en\/wp-json\/wp\/v2\/comments?post=18124"}],"version-history":[{"count":67,"href":"https:\/\/vertexgroup.com.tr\/en\/wp-json\/wp\/v2\/pages\/18124\/revisions"}],"predecessor-version":[{"id":42941,"href":"https:\/\/vertexgroup.com.tr\/en\/wp-json\/wp\/v2\/pages\/18124\/revisions\/42941"}],"wp:attachment":[{"href":"https:\/\/vertexgroup.com.tr\/en\/wp-json\/wp\/v2\/media?parent=18124"}],"curies":[{"name":"wp","href":"https:\/\/api.w.org\/{rel}","templated":true}]}}